{"id":837,"date":"2016-05-07T17:07:41","date_gmt":"2016-05-07T17:07:41","guid":{"rendered":"http:\/\/hotelmenapace.it\/?page_id=837"},"modified":"2023-07-13T22:57:17","modified_gmt":"2023-07-13T22:57:17","slug":"tagesmenu","status":"publish","type":"page","link":"https:\/\/hotelmenapace.it\/de\/gardasee-pension\/tagesmenu\/","title":{"rendered":"Tagesmen\u00fc"},"content":{"rendered":"<div class=\"fusion-fullwidth fullwidth-box fusion-builder-row-1 fusion-flex-container nonhundred-percent-fullwidth non-hundred-percent-height-scrolling\" style=\"--awb-border-radius-top-left:0px;--awb-border-radius-top-right:0px;--awb-border-radius-bottom-right:0px;--awb-border-radius-bottom-left:0px;--awb-flex-wrap:wrap;\" ><div class=\"fusion-builder-row fusion-row fusion-flex-align-items-flex-start fusion-flex-content-wrap\" style=\"max-width:1216.8px;margin-left: calc(-4% \/ 2 );margin-right: calc(-4% \/ 2 );\"><div class=\"fusion-layout-column fusion_builder_column fusion-builder-column-0 fusion_builder_column_1_2 1_2 fusion-flex-column\" style=\"--awb-bg-size:cover;--awb-width-large:50%;--awb-margin-top-large:0px;--awb-spacing-right-large:3.84%;--awb-margin-bottom-large:20px;--awb-spacing-left-large:3.84%;--awb-width-medium:100%;--awb-order-medium:0;--awb-spacing-right-medium:1.92%;--awb-spacing-left-medium:1.92%;--awb-width-small:100%;--awb-order-small:0;--awb-spacing-right-small:1.92%;--awb-spacing-left-small:1.92%;\"><div class=\"fusion-column-wrapper fusion-column-has-shadow fusion-flex-justify-content-flex-start fusion-content-layout-column\"><div class=\"fusion-image-element \" style=\"--awb-aspect-ratio:1 \/ 1;--awb-caption-title-font-family:var(--h2_typography-font-family);--awb-caption-title-font-weight:var(--h2_typography-font-weight);--awb-caption-title-font-style:var(--h2_typography-font-style);--awb-caption-title-size:var(--h2_typography-font-size);--awb-caption-title-transform:var(--h2_typography-text-transform);--awb-caption-title-line-height:var(--h2_typography-line-height);--awb-caption-title-letter-spacing:var(--h2_typography-letter-spacing);\"><span class=\" fusion-imageframe imageframe-none imageframe-1 hover-type-none has-aspect-ratio\"><img decoding=\"async\" width=\"1080\" height=\"720\" title=\"hotel-ristorante-menapace-menu-del-giorno\" src=\"https:\/\/hotelmenapace.it\/wp-content\/uploads\/hotel-ristorante-menapace-menu-del-giorno.jpg\" data-orig-src=\"https:\/\/hotelmenapace.it\/wp-content\/uploads\/hotel-ristorante-menapace-menu-del-giorno.jpg\" class=\"lazyload img-responsive wp-image-5641 img-with-aspect-ratio\" data-parent-fit=\"cover\" data-parent-container=\".fusion-image-element\" alt srcset=\"data:image\/svg+xml,%3Csvg%20xmlns%3D%27http%3A%2F%2Fwww.w3.org%2F2000%2Fsvg%27%20width%3D%271080%27%20height%3D%27720%27%20viewBox%3D%270%200%201080%20720%27%3E%3Crect%20width%3D%271080%27%20height%3D%27720%27%20fill-opacity%3D%220%22%2F%3E%3C%2Fsvg%3E\" data-srcset=\"https:\/\/hotelmenapace.it\/wp-content\/uploads\/hotel-ristorante-menapace-menu-del-giorno-200x133.jpg 200w, https:\/\/hotelmenapace.it\/wp-content\/uploads\/hotel-ristorante-menapace-menu-del-giorno-400x267.jpg 400w, https:\/\/hotelmenapace.it\/wp-content\/uploads\/hotel-ristorante-menapace-menu-del-giorno-600x400.jpg 600w, https:\/\/hotelmenapace.it\/wp-content\/uploads\/hotel-ristorante-menapace-menu-del-giorno-800x533.jpg 800w, https:\/\/hotelmenapace.it\/wp-content\/uploads\/hotel-ristorante-menapace-menu-del-giorno.jpg 1080w\" data-sizes=\"auto\" data-orig-sizes=\"(max-width: 1024px) 100vw, (max-width: 640px) 100vw, 600px\" \/><\/span><\/div><\/div><\/div><div class=\"fusion-layout-column fusion_builder_column fusion-builder-column-1 fusion_builder_column_1_2 1_2 fusion-flex-column\" style=\"--awb-bg-blend:overlay;--awb-bg-size:cover;--awb-width-large:50%;--awb-margin-top-large:0px;--awb-spacing-right-large:3.84%;--awb-margin-bottom-large:0px;--awb-spacing-left-large:3.84%;--awb-width-medium:100%;--awb-spacing-right-medium:1.92%;--awb-spacing-left-medium:1.92%;--awb-width-small:100%;--awb-spacing-right-small:1.92%;--awb-spacing-left-small:1.92%;\"><div class=\"fusion-column-wrapper fusion-flex-justify-content-flex-start fusion-content-layout-column\"><div class=\"fusion-text fusion-text-1 big-text\" style=\"--awb-text-color:var(--awb-custom_color_1);\"><p>F\u00fcr die G\u00e4ste die das Arrangement von Zimmer mit Fr\u00fchst\u00fcck bevorzugen, bieten wir am Abend, die M\u00f6glichkeit \u201c\u00e0 la carte\u201d, sowie auch mit dem Tagesmenu zu speisen an.<\/p>\n<p>Die Tageskarte bietet jeden Tag ein neues Men\u00f9 an. Die Gerichte entsprechen die italienischen lokalen Tradition an. Bereitet mit frische Zutaten und gew\u00fcrzt mit dem hervorragenden Extravergine Oliven\u00f6l aus unserem Gebiet, die Olivenriviera.<\/p>\n<\/div><\/div><\/div><\/div><\/div>\n","protected":false},"excerpt":{"rendered":"","protected":false},"author":1,"featured_media":835,"parent":731,"menu_order":6,"comment_status":"closed","ping_status":"closed","template":"","meta":{"ngg_post_thumbnail":0,"footnotes":""},"class_list":["post-837","page","type-page","status-publish","has-post-thumbnail","hentry"],"yoast_head":"<!-- This site is optimized with the Yoast SEO plugin v27.5 - https:\/\/yoast.com\/product\/yoast-seo-wordpress\/ -->\n<title>Tagesmen\u00fc - Hotel Menapace<\/title>\n<meta name=\"robots\" content=\"index, follow, max-snippet:-1, max-image-preview:large, max-video-preview:-1\" \/>\n<link rel=\"canonical\" href=\"https:\/\/hotelmenapace.it\/hotel-pensione-lago-di-garda\/menu-del-giorno\/\" \/>\n<meta property=\"og:locale\" content=\"de_DE\" \/>\n<meta property=\"og:type\" content=\"article\" \/>\n<meta property=\"og:title\" content=\"Tagesmen\u00fc - Hotel Menapace\" \/>\n<meta property=\"og:url\" content=\"https:\/\/hotelmenapace.it\/hotel-pensione-lago-di-garda\/menu-del-giorno\/\" \/>\n<meta property=\"og:site_name\" content=\"Hotel Menapace\" \/>\n<meta property=\"article:modified_time\" content=\"2023-07-13T22:57:17+00:00\" \/>\n<meta property=\"og:image\" content=\"https:\/\/hotelmenapace.it\/wp-content\/uploads\/ristorante-lago-di-garda-menapace-0002.jpg\" \/>\n\t<meta property=\"og:image:width\" content=\"1024\" \/>\n\t<meta property=\"og:image:height\" content=\"341\" \/>\n\t<meta property=\"og:image:type\" content=\"image\/jpeg\" \/>\n<meta name=\"twitter:card\" content=\"summary_large_image\" \/>\n<meta name=\"twitter:label1\" content=\"Gesch\u00e4tzte Lesezeit\" \/>\n\t<meta name=\"twitter:data1\" content=\"3\u00a0Minuten\" \/>\n<script type=\"application\/ld+json\" class=\"yoast-schema-graph\">{\"@context\":\"https:\\\/\\\/schema.org\",\"@graph\":[{\"@type\":\"WebPage\",\"@id\":\"https:\\\/\\\/hotelmenapace.it\\\/hotel-pensione-lago-di-garda\\\/menu-del-giorno\\\/\",\"url\":\"https:\\\/\\\/hotelmenapace.it\\\/hotel-pensione-lago-di-garda\\\/menu-del-giorno\\\/\",\"name\":\"Tagesmen\u00fc - Hotel Menapace\",\"isPartOf\":{\"@id\":\"\\\/#website\"},\"primaryImageOfPage\":{\"@id\":\"https:\\\/\\\/hotelmenapace.it\\\/hotel-pensione-lago-di-garda\\\/menu-del-giorno\\\/#primaryimage\"},\"image\":{\"@id\":\"https:\\\/\\\/hotelmenapace.it\\\/hotel-pensione-lago-di-garda\\\/menu-del-giorno\\\/#primaryimage\"},\"thumbnailUrl\":\"https:\\\/\\\/hotelmenapace.it\\\/wp-content\\\/uploads\\\/ristorante-lago-di-garda-menapace-0002.jpg\",\"datePublished\":\"2016-05-07T17:07:41+00:00\",\"dateModified\":\"2023-07-13T22:57:17+00:00\",\"breadcrumb\":{\"@id\":\"https:\\\/\\\/hotelmenapace.it\\\/hotel-pensione-lago-di-garda\\\/menu-del-giorno\\\/#breadcrumb\"},\"inLanguage\":\"de\",\"potentialAction\":[{\"@type\":\"ReadAction\",\"target\":[\"https:\\\/\\\/hotelmenapace.it\\\/hotel-pensione-lago-di-garda\\\/menu-del-giorno\\\/\"]}]},{\"@type\":\"ImageObject\",\"inLanguage\":\"de\",\"@id\":\"https:\\\/\\\/hotelmenapace.it\\\/hotel-pensione-lago-di-garda\\\/menu-del-giorno\\\/#primaryimage\",\"url\":\"https:\\\/\\\/hotelmenapace.it\\\/wp-content\\\/uploads\\\/ristorante-lago-di-garda-menapace-0002.jpg\",\"contentUrl\":\"https:\\\/\\\/hotelmenapace.it\\\/wp-content\\\/uploads\\\/ristorante-lago-di-garda-menapace-0002.jpg\",\"width\":1024,\"height\":341},{\"@type\":\"BreadcrumbList\",\"@id\":\"https:\\\/\\\/hotelmenapace.it\\\/hotel-pensione-lago-di-garda\\\/menu-del-giorno\\\/#breadcrumb\",\"itemListElement\":[{\"@type\":\"ListItem\",\"position\":1,\"name\":\"Gardasee Pension\",\"item\":\"https:\\\/\\\/hotelmenapace.it\\\/hotel-pensione-lago-di-garda\\\/\"},{\"@type\":\"ListItem\",\"position\":2,\"name\":\"Tagesmen\u00fc\"}]},{\"@type\":\"WebSite\",\"@id\":\"\\\/#website\",\"url\":\"\\\/\",\"name\":\"Hotel Menapace\",\"description\":\"Pai - Torri del Benaco - Lago di Garda\",\"potentialAction\":[{\"@type\":\"SearchAction\",\"target\":{\"@type\":\"EntryPoint\",\"urlTemplate\":\"\\\/?s={search_term_string}\"},\"query-input\":{\"@type\":\"PropertyValueSpecification\",\"valueRequired\":true,\"valueName\":\"search_term_string\"}}],\"inLanguage\":\"de\"}]}<\/script>\n<!-- \/ Yoast SEO plugin. -->","yoast_head_json":{"title":"Tagesmen\u00fc - Hotel Menapace","robots":{"index":"index","follow":"follow","max-snippet":"max-snippet:-1","max-image-preview":"max-image-preview:large","max-video-preview":"max-video-preview:-1"},"canonical":"https:\/\/hotelmenapace.it\/hotel-pensione-lago-di-garda\/menu-del-giorno\/","og_locale":"de_DE","og_type":"article","og_title":"Tagesmen\u00fc - Hotel Menapace","og_url":"https:\/\/hotelmenapace.it\/hotel-pensione-lago-di-garda\/menu-del-giorno\/","og_site_name":"Hotel Menapace","article_modified_time":"2023-07-13T22:57:17+00:00","og_image":[{"width":1024,"height":341,"url":"https:\/\/hotelmenapace.it\/wp-content\/uploads\/ristorante-lago-di-garda-menapace-0002.jpg","type":"image\/jpeg"}],"twitter_card":"summary_large_image","twitter_misc":{"Gesch\u00e4tzte Lesezeit":"3\u00a0Minuten"},"schema":{"@context":"https:\/\/schema.org","@graph":[{"@type":"WebPage","@id":"https:\/\/hotelmenapace.it\/hotel-pensione-lago-di-garda\/menu-del-giorno\/","url":"https:\/\/hotelmenapace.it\/hotel-pensione-lago-di-garda\/menu-del-giorno\/","name":"Tagesmen\u00fc - Hotel Menapace","isPartOf":{"@id":"\/#website"},"primaryImageOfPage":{"@id":"https:\/\/hotelmenapace.it\/hotel-pensione-lago-di-garda\/menu-del-giorno\/#primaryimage"},"image":{"@id":"https:\/\/hotelmenapace.it\/hotel-pensione-lago-di-garda\/menu-del-giorno\/#primaryimage"},"thumbnailUrl":"https:\/\/hotelmenapace.it\/wp-content\/uploads\/ristorante-lago-di-garda-menapace-0002.jpg","datePublished":"2016-05-07T17:07:41+00:00","dateModified":"2023-07-13T22:57:17+00:00","breadcrumb":{"@id":"https:\/\/hotelmenapace.it\/hotel-pensione-lago-di-garda\/menu-del-giorno\/#breadcrumb"},"inLanguage":"de","potentialAction":[{"@type":"ReadAction","target":["https:\/\/hotelmenapace.it\/hotel-pensione-lago-di-garda\/menu-del-giorno\/"]}]},{"@type":"ImageObject","inLanguage":"de","@id":"https:\/\/hotelmenapace.it\/hotel-pensione-lago-di-garda\/menu-del-giorno\/#primaryimage","url":"https:\/\/hotelmenapace.it\/wp-content\/uploads\/ristorante-lago-di-garda-menapace-0002.jpg","contentUrl":"https:\/\/hotelmenapace.it\/wp-content\/uploads\/ristorante-lago-di-garda-menapace-0002.jpg","width":1024,"height":341},{"@type":"BreadcrumbList","@id":"https:\/\/hotelmenapace.it\/hotel-pensione-lago-di-garda\/menu-del-giorno\/#breadcrumb","itemListElement":[{"@type":"ListItem","position":1,"name":"Gardasee Pension","item":"https:\/\/hotelmenapace.it\/hotel-pensione-lago-di-garda\/"},{"@type":"ListItem","position":2,"name":"Tagesmen\u00fc"}]},{"@type":"WebSite","@id":"\/#website","url":"\/","name":"Hotel Menapace","description":"Pai - Torri del Benaco - Lago di Garda","potentialAction":[{"@type":"SearchAction","target":{"@type":"EntryPoint","urlTemplate":"\/?s={search_term_string}"},"query-input":{"@type":"PropertyValueSpecification","valueRequired":true,"valueName":"search_term_string"}}],"inLanguage":"de"}]}},"_links":{"self":[{"href":"https:\/\/hotelmenapace.it\/de\/wp-json\/wp\/v2\/pages\/837","targetHints":{"allow":["GET"]}}],"collection":[{"href":"https:\/\/hotelmenapace.it\/de\/wp-json\/wp\/v2\/pages"}],"about":[{"href":"https:\/\/hotelmenapace.it\/de\/wp-json\/wp\/v2\/types\/page"}],"author":[{"embeddable":true,"href":"https:\/\/hotelmenapace.it\/de\/wp-json\/wp\/v2\/users\/1"}],"replies":[{"embeddable":true,"href":"https:\/\/hotelmenapace.it\/de\/wp-json\/wp\/v2\/comments?post=837"}],"version-history":[{"count":5,"href":"https:\/\/hotelmenapace.it\/de\/wp-json\/wp\/v2\/pages\/837\/revisions"}],"predecessor-version":[{"id":7086,"href":"https:\/\/hotelmenapace.it\/de\/wp-json\/wp\/v2\/pages\/837\/revisions\/7086"}],"up":[{"embeddable":true,"href":"https:\/\/hotelmenapace.it\/de\/wp-json\/wp\/v2\/pages\/731"}],"wp:featuredmedia":[{"embeddable":true,"href":"https:\/\/hotelmenapace.it\/de\/wp-json\/wp\/v2\/media\/835"}],"wp:attachment":[{"href":"https:\/\/hotelmenapace.it\/de\/wp-json\/wp\/v2\/media?parent=837"}],"curies":[{"name":"wp","href":"https:\/\/api.w.org\/{rel}","templated":true}]}}