{"id":761,"date":"2016-05-07T10:40:07","date_gmt":"2016-05-07T10:40:07","guid":{"rendered":"http:\/\/hotelmenapace.it\/?page_id=761"},"modified":"2023-07-13T22:51:54","modified_gmt":"2023-07-13T22:51:54","slug":"geteilte-halbpension","status":"publish","type":"page","link":"https:\/\/hotelmenapace.it\/de\/gardasee-pension\/geteilte-halbpension\/","title":{"rendered":"Geteilte Halbpension"},"content":{"rendered":"<p><div class=\"fusion-fullwidth fullwidth-box fusion-builder-row-1 fusion-flex-container has-pattern-background has-mask-background nonhundred-percent-fullwidth non-hundred-percent-height-scrolling\" style=\"--awb-border-radius-top-left:0px;--awb-border-radius-top-right:0px;--awb-border-radius-bottom-right:0px;--awb-border-radius-bottom-left:0px;--awb-flex-wrap:wrap;\" ><div class=\"fusion-builder-row fusion-row fusion-flex-align-items-flex-start fusion-flex-content-wrap\" style=\"max-width:1216.8px;margin-left: calc(-4% \/ 2 );margin-right: calc(-4% \/ 2 );\"><div class=\"fusion-layout-column fusion_builder_column fusion-builder-column-0 fusion_builder_column_1_2 1_2 fusion-flex-column\" style=\"--awb-bg-size:cover;--awb-width-large:50%;--awb-margin-top-large:0px;--awb-spacing-right-large:3.84%;--awb-margin-bottom-large:20px;--awb-spacing-left-large:3.84%;--awb-width-medium:100%;--awb-order-medium:0;--awb-spacing-right-medium:1.92%;--awb-spacing-left-medium:1.92%;--awb-width-small:100%;--awb-order-small:0;--awb-spacing-right-small:1.92%;--awb-spacing-left-small:1.92%;\"><div class=\"fusion-column-wrapper fusion-column-has-shadow fusion-flex-justify-content-flex-start fusion-content-layout-column\"><div class=\"fusion-text fusion-text-1 big-text\" style=\"--awb-text-color:var(--awb-custom_color_1);\"><p>Die Essgewohnheiten \u00e4ndern sich, und im Urlaub mag man sich mehr Flexibilit\u00e4t w\u00fcnschen als die Strenge regelm\u00e4\u00dfiger, deftiger Mahlzeiten zum Mittag- und Abendessen.<\/p>\n<p>Um den W\u00fcnschen einiger G\u00e4ste des Hotels entgegenzukommen, haben wir beschlossen, eine neue Art von Behandlung anzubieten: die &#8222;geteilte&#8220; Halbpension.<\/p>\n<\/div><\/div><\/div><div class=\"fusion-layout-column fusion_builder_column fusion-builder-column-1 fusion_builder_column_1_2 1_2 fusion-flex-column\" style=\"--awb-bg-size:cover;--awb-width-large:50%;--awb-margin-top-large:0px;--awb-spacing-right-large:3.84%;--awb-margin-bottom-large:20px;--awb-spacing-left-large:3.84%;--awb-width-medium:100%;--awb-order-medium:0;--awb-spacing-right-medium:1.92%;--awb-spacing-left-medium:1.92%;--awb-width-small:100%;--awb-order-small:0;--awb-spacing-right-small:1.92%;--awb-spacing-left-small:1.92%;\"><div class=\"fusion-column-wrapper fusion-column-has-shadow fusion-flex-justify-content-flex-start fusion-content-layout-column\"><div class=\"fusion-image-element \" style=\"--awb-caption-title-font-family:var(--h2_typography-font-family);--awb-caption-title-font-weight:var(--h2_typography-font-weight);--awb-caption-title-font-style:var(--h2_typography-font-style);--awb-caption-title-size:var(--h2_typography-font-size);--awb-caption-title-transform:var(--h2_typography-text-transform);--awb-caption-title-line-height:var(--h2_typography-line-height);--awb-caption-title-letter-spacing:var(--h2_typography-letter-spacing);\"><span class=\" fusion-imageframe imageframe-none imageframe-1 hover-type-none\"><img decoding=\"async\" width=\"640\" height=\"300\" title=\"mezza-pensione-spezzata-pranzo\" src=\"data:image\/svg+xml,%3Csvg%20xmlns%3D%27http%3A%2F%2Fwww.w3.org%2F2000%2Fsvg%27%20width%3D%27640%27%20height%3D%27300%27%20viewBox%3D%270%200%20640%20300%27%3E%3Crect%20width%3D%27640%27%20height%3D%27300%27%20fill-opacity%3D%220%22%2F%3E%3C%2Fsvg%3E\" data-orig-src=\"https:\/\/hotelmenapace.it\/wp-content\/uploads\/mezza-pensione-spezzata-pranzo.jpg\" alt class=\"lazyload img-responsive wp-image-5059\"\/><\/span><\/div><\/div><\/div><\/div><\/div><div class=\"fusion-fullwidth fullwidth-box fusion-builder-row-2 fusion-flex-container has-pattern-background has-mask-background nonhundred-percent-fullwidth non-hundred-percent-height-scrolling\" style=\"--awb-border-radius-top-left:0px;--awb-border-radius-top-right:0px;--awb-border-radius-bottom-right:0px;--awb-border-radius-bottom-left:0px;--awb-flex-wrap:wrap;\" ><div class=\"fusion-builder-row fusion-row fusion-flex-align-items-flex-start fusion-flex-content-wrap\" style=\"max-width:1216.8px;margin-left: calc(-4% \/ 2 );margin-right: calc(-4% \/ 2 );\"><div class=\"fusion-layout-column fusion_builder_column fusion-builder-column-2 fusion_builder_column_1_2 1_2 fusion-flex-column\" style=\"--awb-bg-size:cover;--awb-width-large:50%;--awb-margin-top-large:0px;--awb-spacing-right-large:3.84%;--awb-margin-bottom-large:20px;--awb-spacing-left-large:3.84%;--awb-width-medium:100%;--awb-order-medium:0;--awb-spacing-right-medium:1.92%;--awb-spacing-left-medium:1.92%;--awb-width-small:100%;--awb-order-small:0;--awb-spacing-right-small:1.92%;--awb-spacing-left-small:1.92%;\"><div class=\"fusion-column-wrapper fusion-column-has-shadow fusion-flex-justify-content-flex-start fusion-content-layout-column\"><div class=\"fusion-image-element \" style=\"--awb-caption-title-font-family:var(--h2_typography-font-family);--awb-caption-title-font-weight:var(--h2_typography-font-weight);--awb-caption-title-font-style:var(--h2_typography-font-style);--awb-caption-title-size:var(--h2_typography-font-size);--awb-caption-title-transform:var(--h2_typography-text-transform);--awb-caption-title-line-height:var(--h2_typography-line-height);--awb-caption-title-letter-spacing:var(--h2_typography-letter-spacing);\"><span class=\" fusion-imageframe imageframe-none imageframe-2 hover-type-none\"><img decoding=\"async\" width=\"640\" height=\"300\" title=\"mezza-pensione-spezzata-cena\" src=\"data:image\/svg+xml,%3Csvg%20xmlns%3D%27http%3A%2F%2Fwww.w3.org%2F2000%2Fsvg%27%20width%3D%27640%27%20height%3D%27300%27%20viewBox%3D%270%200%20640%20300%27%3E%3Crect%20width%3D%27640%27%20height%3D%27300%27%20fill-opacity%3D%220%22%2F%3E%3C%2Fsvg%3E\" data-orig-src=\"https:\/\/hotelmenapace.it\/wp-content\/uploads\/mezza-pensione-spezzata-cena.jpg\" alt class=\"lazyload img-responsive wp-image-5056\"\/><\/span><\/div><\/div><\/div><div class=\"fusion-layout-column fusion_builder_column fusion-builder-column-3 fusion_builder_column_1_2 1_2 fusion-flex-column\" style=\"--awb-bg-size:cover;--awb-width-large:50%;--awb-margin-top-large:0px;--awb-spacing-right-large:3.84%;--awb-margin-bottom-large:20px;--awb-spacing-left-large:3.84%;--awb-width-medium:100%;--awb-order-medium:0;--awb-spacing-right-medium:1.92%;--awb-spacing-left-medium:1.92%;--awb-width-small:100%;--awb-order-small:0;--awb-spacing-right-small:1.92%;--awb-spacing-left-small:1.92%;\"><div class=\"fusion-column-wrapper fusion-column-has-shadow fusion-flex-justify-content-flex-start fusion-content-layout-column\"><div class=\"fusion-text fusion-text-2 big-text\" style=\"--awb-text-color:var(--awb-custom_color_1);\"><p>Gegen einen kleinen Aufpreis k\u00f6nnen die G\u00e4ste ihre Mahlzeit zwischen Mittag- und Abendessen aufteilen und sich f\u00fcr Salat und Pasta zum Mittagessen und Hauptgericht mit Beilage und Dessert zum Abendessen entscheiden.<\/p>\n<p>Wer diesen neuen Service ausprobieren m\u00f6chte, kann uns w\u00e4hrend seines Aufenthalts im Hotel Bescheid geben, und wir werden dies gerne arrangieren.<\/p>\n<\/div><\/div><\/div><\/div><\/div><\/p>\n","protected":false},"excerpt":{"rendered":"","protected":false},"author":1,"featured_media":2613,"parent":731,"menu_order":5,"comment_status":"closed","ping_status":"closed","template":"","meta":{"ngg_post_thumbnail":0,"footnotes":""},"class_list":["post-761","page","type-page","status-publish","has-post-thumbnail","hentry"],"yoast_head":"<!-- This site is optimized with the Yoast SEO plugin v27.3 - https:\/\/yoast.com\/product\/yoast-seo-wordpress\/ -->\n<title>Geteilte Halbpension - Hotel Menapace<\/title>\n<meta name=\"robots\" content=\"index, follow, max-snippet:-1, max-image-preview:large, max-video-preview:-1\" \/>\n<link rel=\"canonical\" href=\"https:\/\/hotelmenapace.it\/hotel-pensione-lago-di-garda\/mezza-pensione-spezzata\/\" \/>\n<meta property=\"og:locale\" content=\"de_DE\" \/>\n<meta property=\"og:type\" content=\"article\" \/>\n<meta property=\"og:title\" content=\"Geteilte Halbpension - Hotel Menapace\" \/>\n<meta property=\"og:url\" content=\"https:\/\/hotelmenapace.it\/hotel-pensione-lago-di-garda\/mezza-pensione-spezzata\/\" \/>\n<meta property=\"og:site_name\" content=\"Hotel Menapace\" \/>\n<meta property=\"article:modified_time\" content=\"2023-07-13T22:51:54+00:00\" \/>\n<meta property=\"og:image\" content=\"https:\/\/hotelmenapace.it\/wp-content\/uploads\/ristorante-lago-di-garda-menapace-0005.jpg\" \/>\n\t<meta property=\"og:image:width\" content=\"1024\" \/>\n\t<meta property=\"og:image:height\" content=\"341\" \/>\n\t<meta property=\"og:image:type\" content=\"image\/jpeg\" \/>\n<meta name=\"twitter:card\" content=\"summary_large_image\" \/>\n<meta name=\"twitter:label1\" content=\"Gesch\u00e4tzte Lesezeit\" \/>\n\t<meta name=\"twitter:data1\" content=\"1\u00a0Minute\" \/>\n<script type=\"application\/ld+json\" class=\"yoast-schema-graph\">{\"@context\":\"https:\\\/\\\/schema.org\",\"@graph\":[{\"@type\":\"WebPage\",\"@id\":\"https:\\\/\\\/hotelmenapace.it\\\/hotel-pensione-lago-di-garda\\\/mezza-pensione-spezzata\\\/\",\"url\":\"https:\\\/\\\/hotelmenapace.it\\\/hotel-pensione-lago-di-garda\\\/mezza-pensione-spezzata\\\/\",\"name\":\"Geteilte Halbpension - Hotel Menapace\",\"isPartOf\":{\"@id\":\"\\\/#website\"},\"primaryImageOfPage\":{\"@id\":\"https:\\\/\\\/hotelmenapace.it\\\/hotel-pensione-lago-di-garda\\\/mezza-pensione-spezzata\\\/#primaryimage\"},\"image\":{\"@id\":\"https:\\\/\\\/hotelmenapace.it\\\/hotel-pensione-lago-di-garda\\\/mezza-pensione-spezzata\\\/#primaryimage\"},\"thumbnailUrl\":\"https:\\\/\\\/hotelmenapace.it\\\/wp-content\\\/uploads\\\/ristorante-lago-di-garda-menapace-0005.jpg\",\"datePublished\":\"2016-05-07T10:40:07+00:00\",\"dateModified\":\"2023-07-13T22:51:54+00:00\",\"breadcrumb\":{\"@id\":\"https:\\\/\\\/hotelmenapace.it\\\/hotel-pensione-lago-di-garda\\\/mezza-pensione-spezzata\\\/#breadcrumb\"},\"inLanguage\":\"de\",\"potentialAction\":[{\"@type\":\"ReadAction\",\"target\":[\"https:\\\/\\\/hotelmenapace.it\\\/hotel-pensione-lago-di-garda\\\/mezza-pensione-spezzata\\\/\"]}]},{\"@type\":\"ImageObject\",\"inLanguage\":\"de\",\"@id\":\"https:\\\/\\\/hotelmenapace.it\\\/hotel-pensione-lago-di-garda\\\/mezza-pensione-spezzata\\\/#primaryimage\",\"url\":\"https:\\\/\\\/hotelmenapace.it\\\/wp-content\\\/uploads\\\/ristorante-lago-di-garda-menapace-0005.jpg\",\"contentUrl\":\"https:\\\/\\\/hotelmenapace.it\\\/wp-content\\\/uploads\\\/ristorante-lago-di-garda-menapace-0005.jpg\",\"width\":1024,\"height\":341},{\"@type\":\"BreadcrumbList\",\"@id\":\"https:\\\/\\\/hotelmenapace.it\\\/hotel-pensione-lago-di-garda\\\/mezza-pensione-spezzata\\\/#breadcrumb\",\"itemListElement\":[{\"@type\":\"ListItem\",\"position\":1,\"name\":\"Gardasee Pension\",\"item\":\"https:\\\/\\\/hotelmenapace.it\\\/hotel-pensione-lago-di-garda\\\/\"},{\"@type\":\"ListItem\",\"position\":2,\"name\":\"Geteilte Halbpension\"}]},{\"@type\":\"WebSite\",\"@id\":\"\\\/#website\",\"url\":\"\\\/\",\"name\":\"Hotel Menapace\",\"description\":\"Pai - Torri del Benaco - Lago di Garda\",\"potentialAction\":[{\"@type\":\"SearchAction\",\"target\":{\"@type\":\"EntryPoint\",\"urlTemplate\":\"\\\/?s={search_term_string}\"},\"query-input\":{\"@type\":\"PropertyValueSpecification\",\"valueRequired\":true,\"valueName\":\"search_term_string\"}}],\"inLanguage\":\"de\"}]}<\/script>\n<!-- \/ Yoast SEO plugin. -->","yoast_head_json":{"title":"Geteilte Halbpension - Hotel Menapace","robots":{"index":"index","follow":"follow","max-snippet":"max-snippet:-1","max-image-preview":"max-image-preview:large","max-video-preview":"max-video-preview:-1"},"canonical":"https:\/\/hotelmenapace.it\/hotel-pensione-lago-di-garda\/mezza-pensione-spezzata\/","og_locale":"de_DE","og_type":"article","og_title":"Geteilte Halbpension - Hotel Menapace","og_url":"https:\/\/hotelmenapace.it\/hotel-pensione-lago-di-garda\/mezza-pensione-spezzata\/","og_site_name":"Hotel Menapace","article_modified_time":"2023-07-13T22:51:54+00:00","og_image":[{"width":1024,"height":341,"url":"https:\/\/hotelmenapace.it\/wp-content\/uploads\/ristorante-lago-di-garda-menapace-0005.jpg","type":"image\/jpeg"}],"twitter_card":"summary_large_image","twitter_misc":{"Gesch\u00e4tzte Lesezeit":"1\u00a0Minute"},"schema":{"@context":"https:\/\/schema.org","@graph":[{"@type":"WebPage","@id":"https:\/\/hotelmenapace.it\/hotel-pensione-lago-di-garda\/mezza-pensione-spezzata\/","url":"https:\/\/hotelmenapace.it\/hotel-pensione-lago-di-garda\/mezza-pensione-spezzata\/","name":"Geteilte Halbpension - Hotel Menapace","isPartOf":{"@id":"\/#website"},"primaryImageOfPage":{"@id":"https:\/\/hotelmenapace.it\/hotel-pensione-lago-di-garda\/mezza-pensione-spezzata\/#primaryimage"},"image":{"@id":"https:\/\/hotelmenapace.it\/hotel-pensione-lago-di-garda\/mezza-pensione-spezzata\/#primaryimage"},"thumbnailUrl":"https:\/\/hotelmenapace.it\/wp-content\/uploads\/ristorante-lago-di-garda-menapace-0005.jpg","datePublished":"2016-05-07T10:40:07+00:00","dateModified":"2023-07-13T22:51:54+00:00","breadcrumb":{"@id":"https:\/\/hotelmenapace.it\/hotel-pensione-lago-di-garda\/mezza-pensione-spezzata\/#breadcrumb"},"inLanguage":"de","potentialAction":[{"@type":"ReadAction","target":["https:\/\/hotelmenapace.it\/hotel-pensione-lago-di-garda\/mezza-pensione-spezzata\/"]}]},{"@type":"ImageObject","inLanguage":"de","@id":"https:\/\/hotelmenapace.it\/hotel-pensione-lago-di-garda\/mezza-pensione-spezzata\/#primaryimage","url":"https:\/\/hotelmenapace.it\/wp-content\/uploads\/ristorante-lago-di-garda-menapace-0005.jpg","contentUrl":"https:\/\/hotelmenapace.it\/wp-content\/uploads\/ristorante-lago-di-garda-menapace-0005.jpg","width":1024,"height":341},{"@type":"BreadcrumbList","@id":"https:\/\/hotelmenapace.it\/hotel-pensione-lago-di-garda\/mezza-pensione-spezzata\/#breadcrumb","itemListElement":[{"@type":"ListItem","position":1,"name":"Gardasee Pension","item":"https:\/\/hotelmenapace.it\/hotel-pensione-lago-di-garda\/"},{"@type":"ListItem","position":2,"name":"Geteilte Halbpension"}]},{"@type":"WebSite","@id":"\/#website","url":"\/","name":"Hotel Menapace","description":"Pai - Torri del Benaco - Lago di Garda","potentialAction":[{"@type":"SearchAction","target":{"@type":"EntryPoint","urlTemplate":"\/?s={search_term_string}"},"query-input":{"@type":"PropertyValueSpecification","valueRequired":true,"valueName":"search_term_string"}}],"inLanguage":"de"}]}},"_links":{"self":[{"href":"https:\/\/hotelmenapace.it\/de\/wp-json\/wp\/v2\/pages\/761","targetHints":{"allow":["GET"]}}],"collection":[{"href":"https:\/\/hotelmenapace.it\/de\/wp-json\/wp\/v2\/pages"}],"about":[{"href":"https:\/\/hotelmenapace.it\/de\/wp-json\/wp\/v2\/types\/page"}],"author":[{"embeddable":true,"href":"https:\/\/hotelmenapace.it\/de\/wp-json\/wp\/v2\/users\/1"}],"replies":[{"embeddable":true,"href":"https:\/\/hotelmenapace.it\/de\/wp-json\/wp\/v2\/comments?post=761"}],"version-history":[{"count":9,"href":"https:\/\/hotelmenapace.it\/de\/wp-json\/wp\/v2\/pages\/761\/revisions"}],"predecessor-version":[{"id":7080,"href":"https:\/\/hotelmenapace.it\/de\/wp-json\/wp\/v2\/pages\/761\/revisions\/7080"}],"up":[{"embeddable":true,"href":"https:\/\/hotelmenapace.it\/de\/wp-json\/wp\/v2\/pages\/731"}],"wp:featuredmedia":[{"embeddable":true,"href":"https:\/\/hotelmenapace.it\/de\/wp-json\/wp\/v2\/media\/2613"}],"wp:attachment":[{"href":"https:\/\/hotelmenapace.it\/de\/wp-json\/wp\/v2\/media?parent=761"}],"curies":[{"name":"wp","href":"https:\/\/api.w.org\/{rel}","templated":true}]}}