{"id":754,"date":"2016-05-07T10:35:40","date_gmt":"2016-05-07T10:35:40","guid":{"rendered":"http:\/\/hotelmenapace.it\/?page_id=754"},"modified":"2023-07-13T22:32:49","modified_gmt":"2023-07-13T22:32:49","slug":"halbpension","status":"publish","type":"page","link":"https:\/\/hotelmenapace.it\/de\/gardasee-pension\/halbpension\/","title":{"rendered":"Halbpension"},"content":{"rendered":"<div class=\"fusion-fullwidth fullwidth-box fusion-builder-row-1 fusion-flex-container has-pattern-background hundred-percent-fullwidth non-hundred-percent-height-scrolling\" style=\"--awb-border-radius-top-left:0px;--awb-border-radius-top-right:0px;--awb-border-radius-bottom-right:0px;--awb-border-radius-bottom-left:0px;--awb-padding-left:167px;--awb-padding-left-medium:0px;--awb-padding-right-small:0px;--awb-padding-left-small:0px;--awb-margin-top:0px;--awb-flex-wrap:wrap;\" ><div class=\"awb-background-pattern\" style=\"background-image:  url(data:image\/svg+xml;utf8,%3Csvg%20width%3D%2275%22%20height%3D%2275%22%20fill%3D%22none%22%20xmlns%3D%22http%3A%2F%2Fwww.w3.org%2F2000%2Fsvg%22%3E%3Cg%20clip-path%3D%22url%28%23prefix__clip0_43_338%29%22%3E%3Cpath%20d%3D%22M32.763-11.976c-1.05-.075-1.95.676-2.024%201.726L29.764.849c-.075%201.05.675%201.95%201.725%202.026%201.05.075%201.95-.675%202.025-1.725l.975-11.1c.075-1.05-.675-1.95-1.725-2.025l-.001-.001zM54.299%201.32a1.911%201.911%200%2000-.386.015c-.975.15-1.725%201.05-1.575%202.1l1.5%2011.025c.15.975%201.05%201.725%202.1%201.575a1.732%201.732%200%20001.575-2.1l-1.5-11.025c-.131-.853-.836-1.533-1.714-1.59zM7.369%202.54a1.809%201.809%200%2000-1.662%201.663c-.075%201.05.675%201.952%201.65%202.027l11.1%201.05c.975.15%201.95-.601%202.025-1.651.15-.975-.6-1.95-1.65-2.025l-11.1-1.05a1.642%201.642%200%2000-.363-.015v.001zM1.76%2013.017a1.824%201.824%200%2000-1.285.6l-7.65%208.101c-.75.75-.675%201.95.075%202.625s1.95.674%202.625-.076l7.651-8.099c.75-.75.674-1.95-.076-2.625a1.786%201.786%200%2000-1.34-.526zm75%200a1.824%201.824%200%2000-1.285.6l-7.65%208.101c-.75.75-.675%201.95.075%202.625s1.95.674%202.625-.076l7.651-8.099c.75-.75.674-1.95-.076-2.625a1.786%201.786%200%2000-1.34-.526zm-39.731%202.906a1.786%201.786%200%2000-1.34.527l-7.95%207.723c-.75.675-.826%201.875-.076%202.625.675.75%201.875.752%202.625.077l7.95-7.725c.75-.675.826-1.875.076-2.625a1.827%201.827%200%2000-1.285-.602zm24.639%2018.928c-.24.02-.48.085-.705.197a1.903%201.903%200%2000-.825%202.55l5.1%209.902a1.902%201.902%200%20002.55.824c.975-.45%201.276-1.574.826-2.55l-5.1-9.9c-.395-.73-1.125-1.083-1.846-1.023zm-50.37-4.862c-.372%200-.734.117-1.035.336-.825.6-1.05%201.725-.524%202.625l6.15%209.223c.6.9%201.8%201.127%202.625.526.9-.6%201.124-1.8.524-2.624l-6.15-9.226a1.911%201.911%200%2000-1.59-.86zm32.705%209.766c-.12-.006-.243%200-.365.019l-10.95%202.175c-1.05.15-1.725%201.126-1.5%202.176.15%201.05%201.126%201.725%202.176%201.5l10.95-2.175c1.05-.15%201.725-1.125%201.5-2.175a1.99%201.99%200%2000-1.811-1.52zm4.556%2012.195a1.933%201.933%200%2000-1.845.949c-.45.9-.15%202.025.75%202.55l9.75%205.4c.9.45%202.025.15%202.55-.75.525-.9.15-2.025-.75-2.55l-9.75-5.4c-.22-.11-.46-.178-.705-.199zM71.913%2058c-1.05-.075-1.875.748-1.95%201.798l-.45%2011.1c-.075%201.05.75%201.876%201.8%201.95.975%200%201.875-.75%201.95-1.8l.45-11.1c.075-1.05-.75-1.873-1.8-1.948zm-55.44%201.08c-.38.031-.741.178-1.035.42l-8.775%206.825c-.75.6-.9%201.8-.3%202.625.6.75%201.8.9%202.626.3l8.775-6.827c.75-.6.9-1.8.3-2.625a1.783%201.783%200%2000-1.591-.72v.002zm16.29%203.945c-1.05-.075-1.95.675-2.024%201.725l-.975%2011.099c-.075%201.05.675%201.95%201.725%202.026%201.05.075%201.95-.675%202.025-1.725l.975-11.102c.075-1.05-.675-1.95-1.725-2.024l-.001.001z%22%20fill%3D%22rgba%28203%2C170%2C92%2C0.14%29%22%2F%3E%3C%2Fg%3E%3Cdefs%3E%3CclipPath%20id%3D%22prefix__clip0_43_338%22%3E%3Cpath%20fill%3D%22%23fff%22%20d%3D%22M0%200h75v75H0z%22%2F%3E%3C%2FclipPath%3E%3C%2Fdefs%3E%3C%2Fsvg%3E);\"><\/div><div class=\"fusion-builder-row fusion-row fusion-flex-align-items-center fusion-flex-justify-content-center fusion-flex-content-wrap\" style=\"width:104% !important;max-width:104% !important;margin-left: calc(-4% \/ 2 );margin-right: calc(-4% \/ 2 );\"><div class=\"fusion-layout-column fusion_builder_column fusion-builder-column-0 fusion_builder_column_1_3 1_3 fusion-flex-column\" style=\"--awb-padding-top:10%;--awb-padding-bottom:10%;--awb-bg-size:cover;--awb-width-large:33.333333333333%;--awb-margin-top-large:0px;--awb-spacing-right-large:5.76%;--awb-margin-bottom-large:0px;--awb-spacing-left-large:5.76%;--awb-width-medium:75%;--awb-spacing-right-medium:2.56%;--awb-spacing-left-medium:2.56%;--awb-width-small:75%;--awb-spacing-right-small:2.56%;--awb-spacing-left-small:2.56%;\"><div class=\"fusion-column-wrapper fusion-flex-justify-content-flex-start fusion-content-layout-column\"><div class=\"fusion-text fusion-text-1 sm-text-align-center big-text\" style=\"--awb-text-color:var(--awb-custom_color_1);\"><p>Ein Standard im Hotel Service am Gardasee. F\u00fcr einen Urlaub voller Entspannung. Perfekt erholsam. <\/p>\n<p>Die Halbpension sieht Fr\u00fchst\u00fcck und Abendessen vor. Morgens kann der Gast zwischen 3 Vorspeise und 3 Hauptg\u00e4nge ausw\u00e4hlen die f\u00fcr diesen Tag angeboten sind.<\/p>\n<p>Abendessen sieht Vorspeise und Salate am B\u00fcffet, einen ersten Gang, ein Hauptgericht mit Beilage, als Dessert das K\u00e4se und S\u00fc\u00dfes am B\u00fcffet vor.<\/p>\n<p>Es werden die am besten passenden Weine empfohlen.<\/p>\n<p>Wir versuchen verschiedene und gesunde Gerichte  anzubieten, mit Fisch, Fleisch, Milchprodukte und Gem\u00fcse, nach lokalen und nationalen Rezepten, damit der Gast m\u00f6glichst viel von unserer kulinarischen Kultur erf\u00e4hrt.<\/p>\n<\/div><\/div><\/div><div class=\"fusion-layout-column fusion_builder_column fusion-builder-column-1 fusion_builder_column_2_3 2_3 fusion-flex-column fusion-flex-align-self-stretch\" style=\"--awb-bg-size:cover;--awb-width-large:66.666666666667%;--awb-margin-top-large:0px;--awb-spacing-right-large:2.88%;--awb-margin-bottom-large:20px;--awb-spacing-left-large:2.88%;--awb-width-medium:100%;--awb-order-medium:0;--awb-spacing-right-medium:1.92%;--awb-spacing-left-medium:1.92%;--awb-width-small:100%;--awb-order-small:0;--awb-spacing-right-small:1.92%;--awb-spacing-left-small:1.92%;\"><div class=\"fusion-column-wrapper fusion-column-has-shadow fusion-flex-justify-content-flex-start fusion-content-layout-column\"><div class=\"fusion-image-element \" style=\"--awb-aspect-ratio:1 \/ 1;--awb-caption-title-font-family:var(--h2_typography-font-family);--awb-caption-title-font-weight:var(--h2_typography-font-weight);--awb-caption-title-font-style:var(--h2_typography-font-style);--awb-caption-title-size:var(--h2_typography-font-size);--awb-caption-title-transform:var(--h2_typography-text-transform);--awb-caption-title-line-height:var(--h2_typography-line-height);--awb-caption-title-letter-spacing:var(--h2_typography-letter-spacing);\"><span class=\" fusion-imageframe imageframe-none imageframe-1 hover-type-none has-aspect-ratio\"><img decoding=\"async\" width=\"1080\" height=\"720\" title=\"hotel-ristorante-menapace-menu-del-giorno\" src=\"https:\/\/hotelmenapace.it\/wp-content\/uploads\/hotel-ristorante-menapace-menu-del-giorno.jpg\" data-orig-src=\"https:\/\/hotelmenapace.it\/wp-content\/uploads\/hotel-ristorante-menapace-menu-del-giorno.jpg\" class=\"lazyload img-responsive wp-image-5641 img-with-aspect-ratio\" data-parent-fit=\"cover\" data-parent-container=\".fusion-image-element\" alt srcset=\"data:image\/svg+xml,%3Csvg%20xmlns%3D%27http%3A%2F%2Fwww.w3.org%2F2000%2Fsvg%27%20width%3D%271080%27%20height%3D%27720%27%20viewBox%3D%270%200%201080%20720%27%3E%3Crect%20width%3D%271080%27%20height%3D%27720%27%20fill-opacity%3D%220%22%2F%3E%3C%2Fsvg%3E\" data-srcset=\"https:\/\/hotelmenapace.it\/wp-content\/uploads\/hotel-ristorante-menapace-menu-del-giorno-200x133.jpg 200w, https:\/\/hotelmenapace.it\/wp-content\/uploads\/hotel-ristorante-menapace-menu-del-giorno-400x267.jpg 400w, https:\/\/hotelmenapace.it\/wp-content\/uploads\/hotel-ristorante-menapace-menu-del-giorno-600x400.jpg 600w, https:\/\/hotelmenapace.it\/wp-content\/uploads\/hotel-ristorante-menapace-menu-del-giorno-800x533.jpg 800w, https:\/\/hotelmenapace.it\/wp-content\/uploads\/hotel-ristorante-menapace-menu-del-giorno.jpg 1080w\" data-sizes=\"auto\" data-orig-sizes=\"(max-width: 1024px) 100vw, (max-width: 640px) 100vw, 800px\" \/><\/span><\/div><\/div><\/div><\/div><\/div>\n","protected":false},"excerpt":{"rendered":"","protected":false},"author":1,"featured_media":5189,"parent":731,"menu_order":4,"comment_status":"closed","ping_status":"closed","template":"","meta":{"ngg_post_thumbnail":0,"footnotes":""},"class_list":["post-754","page","type-page","status-publish","has-post-thumbnail","hentry"],"yoast_head":"<!-- This site is optimized with the Yoast SEO plugin v27.5 - https:\/\/yoast.com\/product\/yoast-seo-wordpress\/ -->\n<title>Halbpension - Hotel Menapace<\/title>\n<meta name=\"robots\" content=\"index, follow, max-snippet:-1, max-image-preview:large, max-video-preview:-1\" \/>\n<link rel=\"canonical\" href=\"https:\/\/hotelmenapace.it\/hotel-pensione-lago-di-garda\/mezza-pensione\/\" \/>\n<meta property=\"og:locale\" content=\"de_DE\" \/>\n<meta property=\"og:type\" content=\"article\" \/>\n<meta property=\"og:title\" content=\"Halbpension - Hotel Menapace\" \/>\n<meta property=\"og:url\" content=\"https:\/\/hotelmenapace.it\/hotel-pensione-lago-di-garda\/mezza-pensione\/\" \/>\n<meta property=\"og:site_name\" content=\"Hotel Menapace\" \/>\n<meta property=\"article:modified_time\" content=\"2023-07-13T22:32:49+00:00\" \/>\n<meta property=\"og:image\" content=\"https:\/\/hotelmenapace.it\/wp-content\/uploads\/ristorante-tavolo.jpg\" \/>\n\t<meta property=\"og:image:width\" content=\"2200\" \/>\n\t<meta property=\"og:image:height\" content=\"880\" \/>\n\t<meta property=\"og:image:type\" content=\"image\/jpeg\" \/>\n<meta name=\"twitter:card\" content=\"summary_large_image\" \/>\n<meta name=\"twitter:label1\" content=\"Gesch\u00e4tzte Lesezeit\" \/>\n\t<meta name=\"twitter:data1\" content=\"3\u00a0Minuten\" \/>\n<script type=\"application\/ld+json\" class=\"yoast-schema-graph\">{\"@context\":\"https:\\\/\\\/schema.org\",\"@graph\":[{\"@type\":\"WebPage\",\"@id\":\"https:\\\/\\\/hotelmenapace.it\\\/hotel-pensione-lago-di-garda\\\/mezza-pensione\\\/\",\"url\":\"https:\\\/\\\/hotelmenapace.it\\\/hotel-pensione-lago-di-garda\\\/mezza-pensione\\\/\",\"name\":\"Halbpension - Hotel Menapace\",\"isPartOf\":{\"@id\":\"\\\/#website\"},\"primaryImageOfPage\":{\"@id\":\"https:\\\/\\\/hotelmenapace.it\\\/hotel-pensione-lago-di-garda\\\/mezza-pensione\\\/#primaryimage\"},\"image\":{\"@id\":\"https:\\\/\\\/hotelmenapace.it\\\/hotel-pensione-lago-di-garda\\\/mezza-pensione\\\/#primaryimage\"},\"thumbnailUrl\":\"https:\\\/\\\/hotelmenapace.it\\\/wp-content\\\/uploads\\\/ristorante-tavolo.jpg\",\"datePublished\":\"2016-05-07T10:35:40+00:00\",\"dateModified\":\"2023-07-13T22:32:49+00:00\",\"breadcrumb\":{\"@id\":\"https:\\\/\\\/hotelmenapace.it\\\/hotel-pensione-lago-di-garda\\\/mezza-pensione\\\/#breadcrumb\"},\"inLanguage\":\"de\",\"potentialAction\":[{\"@type\":\"ReadAction\",\"target\":[\"https:\\\/\\\/hotelmenapace.it\\\/hotel-pensione-lago-di-garda\\\/mezza-pensione\\\/\"]}]},{\"@type\":\"ImageObject\",\"inLanguage\":\"de\",\"@id\":\"https:\\\/\\\/hotelmenapace.it\\\/hotel-pensione-lago-di-garda\\\/mezza-pensione\\\/#primaryimage\",\"url\":\"https:\\\/\\\/hotelmenapace.it\\\/wp-content\\\/uploads\\\/ristorante-tavolo.jpg\",\"contentUrl\":\"https:\\\/\\\/hotelmenapace.it\\\/wp-content\\\/uploads\\\/ristorante-tavolo.jpg\",\"width\":2200,\"height\":880},{\"@type\":\"BreadcrumbList\",\"@id\":\"https:\\\/\\\/hotelmenapace.it\\\/hotel-pensione-lago-di-garda\\\/mezza-pensione\\\/#breadcrumb\",\"itemListElement\":[{\"@type\":\"ListItem\",\"position\":1,\"name\":\"Gardasee Pension\",\"item\":\"https:\\\/\\\/hotelmenapace.it\\\/hotel-pensione-lago-di-garda\\\/\"},{\"@type\":\"ListItem\",\"position\":2,\"name\":\"Halbpension\"}]},{\"@type\":\"WebSite\",\"@id\":\"\\\/#website\",\"url\":\"\\\/\",\"name\":\"Hotel Menapace\",\"description\":\"Pai - Torri del Benaco - Lago di Garda\",\"potentialAction\":[{\"@type\":\"SearchAction\",\"target\":{\"@type\":\"EntryPoint\",\"urlTemplate\":\"\\\/?s={search_term_string}\"},\"query-input\":{\"@type\":\"PropertyValueSpecification\",\"valueRequired\":true,\"valueName\":\"search_term_string\"}}],\"inLanguage\":\"de\"}]}<\/script>\n<!-- \/ Yoast SEO plugin. -->","yoast_head_json":{"title":"Halbpension - Hotel Menapace","robots":{"index":"index","follow":"follow","max-snippet":"max-snippet:-1","max-image-preview":"max-image-preview:large","max-video-preview":"max-video-preview:-1"},"canonical":"https:\/\/hotelmenapace.it\/hotel-pensione-lago-di-garda\/mezza-pensione\/","og_locale":"de_DE","og_type":"article","og_title":"Halbpension - Hotel Menapace","og_url":"https:\/\/hotelmenapace.it\/hotel-pensione-lago-di-garda\/mezza-pensione\/","og_site_name":"Hotel Menapace","article_modified_time":"2023-07-13T22:32:49+00:00","og_image":[{"width":2200,"height":880,"url":"https:\/\/hotelmenapace.it\/wp-content\/uploads\/ristorante-tavolo.jpg","type":"image\/jpeg"}],"twitter_card":"summary_large_image","twitter_misc":{"Gesch\u00e4tzte Lesezeit":"3\u00a0Minuten"},"schema":{"@context":"https:\/\/schema.org","@graph":[{"@type":"WebPage","@id":"https:\/\/hotelmenapace.it\/hotel-pensione-lago-di-garda\/mezza-pensione\/","url":"https:\/\/hotelmenapace.it\/hotel-pensione-lago-di-garda\/mezza-pensione\/","name":"Halbpension - Hotel Menapace","isPartOf":{"@id":"\/#website"},"primaryImageOfPage":{"@id":"https:\/\/hotelmenapace.it\/hotel-pensione-lago-di-garda\/mezza-pensione\/#primaryimage"},"image":{"@id":"https:\/\/hotelmenapace.it\/hotel-pensione-lago-di-garda\/mezza-pensione\/#primaryimage"},"thumbnailUrl":"https:\/\/hotelmenapace.it\/wp-content\/uploads\/ristorante-tavolo.jpg","datePublished":"2016-05-07T10:35:40+00:00","dateModified":"2023-07-13T22:32:49+00:00","breadcrumb":{"@id":"https:\/\/hotelmenapace.it\/hotel-pensione-lago-di-garda\/mezza-pensione\/#breadcrumb"},"inLanguage":"de","potentialAction":[{"@type":"ReadAction","target":["https:\/\/hotelmenapace.it\/hotel-pensione-lago-di-garda\/mezza-pensione\/"]}]},{"@type":"ImageObject","inLanguage":"de","@id":"https:\/\/hotelmenapace.it\/hotel-pensione-lago-di-garda\/mezza-pensione\/#primaryimage","url":"https:\/\/hotelmenapace.it\/wp-content\/uploads\/ristorante-tavolo.jpg","contentUrl":"https:\/\/hotelmenapace.it\/wp-content\/uploads\/ristorante-tavolo.jpg","width":2200,"height":880},{"@type":"BreadcrumbList","@id":"https:\/\/hotelmenapace.it\/hotel-pensione-lago-di-garda\/mezza-pensione\/#breadcrumb","itemListElement":[{"@type":"ListItem","position":1,"name":"Gardasee Pension","item":"https:\/\/hotelmenapace.it\/hotel-pensione-lago-di-garda\/"},{"@type":"ListItem","position":2,"name":"Halbpension"}]},{"@type":"WebSite","@id":"\/#website","url":"\/","name":"Hotel Menapace","description":"Pai - Torri del Benaco - Lago di Garda","potentialAction":[{"@type":"SearchAction","target":{"@type":"EntryPoint","urlTemplate":"\/?s={search_term_string}"},"query-input":{"@type":"PropertyValueSpecification","valueRequired":true,"valueName":"search_term_string"}}],"inLanguage":"de"}]}},"_links":{"self":[{"href":"https:\/\/hotelmenapace.it\/de\/wp-json\/wp\/v2\/pages\/754","targetHints":{"allow":["GET"]}}],"collection":[{"href":"https:\/\/hotelmenapace.it\/de\/wp-json\/wp\/v2\/pages"}],"about":[{"href":"https:\/\/hotelmenapace.it\/de\/wp-json\/wp\/v2\/types\/page"}],"author":[{"embeddable":true,"href":"https:\/\/hotelmenapace.it\/de\/wp-json\/wp\/v2\/users\/1"}],"replies":[{"embeddable":true,"href":"https:\/\/hotelmenapace.it\/de\/wp-json\/wp\/v2\/comments?post=754"}],"version-history":[{"count":6,"href":"https:\/\/hotelmenapace.it\/de\/wp-json\/wp\/v2\/pages\/754\/revisions"}],"predecessor-version":[{"id":7067,"href":"https:\/\/hotelmenapace.it\/de\/wp-json\/wp\/v2\/pages\/754\/revisions\/7067"}],"up":[{"embeddable":true,"href":"https:\/\/hotelmenapace.it\/de\/wp-json\/wp\/v2\/pages\/731"}],"wp:featuredmedia":[{"embeddable":true,"href":"https:\/\/hotelmenapace.it\/de\/wp-json\/wp\/v2\/media\/5189"}],"wp:attachment":[{"href":"https:\/\/hotelmenapace.it\/de\/wp-json\/wp\/v2\/media?parent=754"}],"curies":[{"name":"wp","href":"https:\/\/api.w.org\/{rel}","templated":true}]}}