{"id":71,"date":"2015-01-30T11:46:47","date_gmt":"2015-01-30T11:46:47","guid":{"rendered":"http:\/\/hotelmenapace.it\/?page_id=71"},"modified":"2015-02-01T11:46:30","modified_gmt":"2015-02-01T11:46:30","slug":"zimmer","status":"publish","type":"page","link":"https:\/\/hotelmenapace.it\/de\/zimmer\/","title":{"rendered":"Zimmer"},"content":{"rendered":"<p>[vc_row css=&#8220;.vc_custom_1422466914885{padding-right: 50px !important;padding-left: 50px !important;}&#8220;][vc_column][vc_column_text]<br \/>\nWas m\u00f6chten Sie vorfinden, wenn Sie morgens nach einer geruhsamen und erholsamen Nachtruhe aufstehen?<\/p>\n<p>Nachdem Sie den Rollladen hochgezogen und das Fenster ge\u00f6ffnet haben, atmen Sie die frische Seeluft des Sees in vollen Z\u00fcgen ein und erfreuen sich vom Balkon aus an einem unvergleichlichen Ausblick auf den Gardasee.<\/p>\n<p>Denn von fast allen Zimmern aus k\u00f6nnen Sie den Wasserspiegel des ruhigen oder von den ber\u00fchmten Winden aufgew\u00fchlten Wasserspiegel bewundern.<\/p>\n<p>W\u00e4hrend des Urlaubs finden Sie in den Hotel Zimmern alles, was Sie ben\u00f6tigen: eigenes Bad und WC mit Dusche und F\u00f6n, Telefon, Safe, Satellitenfernsehen, Klimaanlage wie Heizung.<\/p>\n<p>Ob Sie nun allein oder in Begleitung sind, fordern Sie weitere Informationen zu unseren Zimmern an und wir werden Ihnen umgehend antworten.[\/vc_column_text][vc_row_inner][vc_column_inner width=&#8220;1\/3&#8243;][vc_single_image image=&#8220;210&#8243; alignment=&#8220;center&#8220; style=&#8220;vc_box_border&#8220; border_color=&#8220;grey&#8220; img_link_target=&#8220;_self&#8220;][\/vc_column_inner][vc_column_inner width=&#8220;1\/3&#8243;][vc_single_image image=&#8220;158&#8243; alignment=&#8220;center&#8220; style=&#8220;vc_box_border&#8220; border_color=&#8220;grey&#8220; img_link_target=&#8220;_self&#8220;][\/vc_column_inner][vc_column_inner width=&#8220;1\/3&#8243;][vc_single_image image=&#8220;209&#8243; alignment=&#8220;center&#8220; style=&#8220;vc_box_border&#8220; border_color=&#8220;grey&#8220; img_link_target=&#8220;_self&#8220;][\/vc_column_inner][\/vc_row_inner][vc_separator color=&#8220;grey&#8220;][\/vc_column][\/vc_row][vc_row][vc_column width=&#8220;1\/4&#8243; el_class=&#8220;mycenter&#8220;][vc_button2 title=&#8220;Zimmer zum See&#8220; style=&#8220;rounded&#8220; color=&#8220;grey&#8220; size=&#8220;md&#8220; link=&#8220;url:http%3A%2F%2Fhotelmenapace.it%2Fde%2Fzimmer%2F|title:Zimmer|&#8220;][\/vc_column][vc_column width=&#8220;1\/4&#8243; el_class=&#8220;mycenter&#8220;][vc_button2 title=&#8220;Ferienwohnungen&#8220; style=&#8220;rounded&#8220; color=&#8220;grey&#8220; size=&#8220;md&#8220; link=&#8220;url:http%3A%2F%2Fhotelmenapace.it%2Fde%2Fappartements%2F|title:Appartements|&#8220;][\/vc_column][vc_column width=&#8220;1\/4&#8243; el_class=&#8220;mycenter&#8220;][vc_button2 title=&#8220;Preisliste&#8220; style=&#8220;rounded&#8220; color=&#8220;grey&#8220; size=&#8220;md&#8220; link=&#8220;url:http%3A%2F%2Fhotelmenapace.it%2Fde%2Fpreise%2F|title:Preise|&#8220;][\/vc_column][vc_column width=&#8220;1\/4&#8243; el_class=&#8220;mycenter&#8220;][vc_button2 title=&#8220;Anfrage &#8211; Kontakt&#8220; style=&#8220;rounded&#8220; color=&#8220;grey&#8220; size=&#8220;md&#8220; link=&#8220;url:http%3A%2F%2Fhotelmenapace.it%2Fde%2Fso-erreichen-sie-uns%2F|title:So%20erreichen%20Sie%20uns|&#8220;][\/vc_column][\/vc_row]<\/p>\n","protected":false},"excerpt":{"rendered":"<p>[vc_row css=&#8220;.vc_custom_1422466914885{padding-right: 50px !important;padding-left: 50px !important;}&#8220;][vc_column][vc_column_text] Was m\u00f6chten Sie vorfinden, wenn Sie morgens nach einer geruhsamen und erholsamen Nachtruhe aufstehen? Nachdem Sie den Rollladen hochgezogen <a href=\"https:\/\/hotelmenapace.it\/de\/zimmer\/\"> [&#8230;]<\/a><\/p>\n","protected":false},"author":1,"featured_media":0,"parent":0,"menu_order":0,"comment_status":"closed","ping_status":"open","template":"","meta":{"ngg_post_thumbnail":0,"footnotes":""},"class_list":["post-71","page","type-page","status-publish","hentry"],"yoast_head":"<!-- This site is optimized with the Yoast SEO plugin v27.4 - https:\/\/yoast.com\/product\/yoast-seo-wordpress\/ -->\n<title>Zimmer - Hotel Menapace<\/title>\n<meta name=\"robots\" content=\"index, follow, max-snippet:-1, max-image-preview:large, max-video-preview:-1\" \/>\n<link rel=\"canonical\" href=\"https:\/\/hotelmenapace.it\/de\/zimmer\/\" \/>\n<meta property=\"og:locale\" content=\"de_DE\" \/>\n<meta property=\"og:type\" content=\"article\" \/>\n<meta property=\"og:title\" content=\"Zimmer - Hotel Menapace\" \/>\n<meta property=\"og:description\" content=\"[vc_row css=&#8220;.vc_custom_1422466914885{padding-right: 50px !important;padding-left: 50px !important;}&#8220;][vc_column][vc_column_text] Was m\u00f6chten Sie vorfinden, wenn Sie morgens nach einer geruhsamen und erholsamen Nachtruhe aufstehen? Nachdem Sie den Rollladen hochgezogen [...]\" \/>\n<meta property=\"og:url\" content=\"https:\/\/hotelmenapace.it\/de\/zimmer\/\" \/>\n<meta property=\"og:site_name\" content=\"Hotel Menapace\" \/>\n<meta property=\"article:modified_time\" content=\"2015-02-01T11:46:30+00:00\" \/>\n<meta name=\"twitter:card\" content=\"summary_large_image\" \/>\n<meta name=\"twitter:label1\" content=\"Gesch\u00e4tzte Lesezeit\" \/>\n\t<meta name=\"twitter:data1\" content=\"2\u00a0Minuten\" \/>\n<script type=\"application\/ld+json\" class=\"yoast-schema-graph\">{\"@context\":\"https:\\\/\\\/schema.org\",\"@graph\":[{\"@type\":\"WebPage\",\"@id\":\"https:\\\/\\\/hotelmenapace.it\\\/de\\\/zimmer\\\/\",\"url\":\"https:\\\/\\\/hotelmenapace.it\\\/de\\\/zimmer\\\/\",\"name\":\"Zimmer - Hotel Menapace\",\"isPartOf\":{\"@id\":\"\\\/#website\"},\"datePublished\":\"2015-01-30T11:46:47+00:00\",\"dateModified\":\"2015-02-01T11:46:30+00:00\",\"inLanguage\":\"de\",\"potentialAction\":[{\"@type\":\"ReadAction\",\"target\":[\"https:\\\/\\\/hotelmenapace.it\\\/de\\\/zimmer\\\/\"]}]},{\"@type\":\"WebSite\",\"@id\":\"\\\/#website\",\"url\":\"\\\/\",\"name\":\"Hotel Menapace\",\"description\":\"Pai - Torri del Benaco - Lago di Garda\",\"potentialAction\":[{\"@type\":\"SearchAction\",\"target\":{\"@type\":\"EntryPoint\",\"urlTemplate\":\"\\\/?s={search_term_string}\"},\"query-input\":{\"@type\":\"PropertyValueSpecification\",\"valueRequired\":true,\"valueName\":\"search_term_string\"}}],\"inLanguage\":\"de\"}]}<\/script>\n<!-- \/ Yoast SEO plugin. -->","yoast_head_json":{"title":"Zimmer - Hotel Menapace","robots":{"index":"index","follow":"follow","max-snippet":"max-snippet:-1","max-image-preview":"max-image-preview:large","max-video-preview":"max-video-preview:-1"},"canonical":"https:\/\/hotelmenapace.it\/de\/zimmer\/","og_locale":"de_DE","og_type":"article","og_title":"Zimmer - Hotel Menapace","og_description":"[vc_row css=&#8220;.vc_custom_1422466914885{padding-right: 50px !important;padding-left: 50px !important;}&#8220;][vc_column][vc_column_text] Was m\u00f6chten Sie vorfinden, wenn Sie morgens nach einer geruhsamen und erholsamen Nachtruhe aufstehen? Nachdem Sie den Rollladen hochgezogen [...]","og_url":"https:\/\/hotelmenapace.it\/de\/zimmer\/","og_site_name":"Hotel Menapace","article_modified_time":"2015-02-01T11:46:30+00:00","twitter_card":"summary_large_image","twitter_misc":{"Gesch\u00e4tzte Lesezeit":"2\u00a0Minuten"},"schema":{"@context":"https:\/\/schema.org","@graph":[{"@type":"WebPage","@id":"https:\/\/hotelmenapace.it\/de\/zimmer\/","url":"https:\/\/hotelmenapace.it\/de\/zimmer\/","name":"Zimmer - Hotel Menapace","isPartOf":{"@id":"\/#website"},"datePublished":"2015-01-30T11:46:47+00:00","dateModified":"2015-02-01T11:46:30+00:00","inLanguage":"de","potentialAction":[{"@type":"ReadAction","target":["https:\/\/hotelmenapace.it\/de\/zimmer\/"]}]},{"@type":"WebSite","@id":"\/#website","url":"\/","name":"Hotel Menapace","description":"Pai - Torri del Benaco - Lago di Garda","potentialAction":[{"@type":"SearchAction","target":{"@type":"EntryPoint","urlTemplate":"\/?s={search_term_string}"},"query-input":{"@type":"PropertyValueSpecification","valueRequired":true,"valueName":"search_term_string"}}],"inLanguage":"de"}]}},"_links":{"self":[{"href":"https:\/\/hotelmenapace.it\/de\/wp-json\/wp\/v2\/pages\/71","targetHints":{"allow":["GET"]}}],"collection":[{"href":"https:\/\/hotelmenapace.it\/de\/wp-json\/wp\/v2\/pages"}],"about":[{"href":"https:\/\/hotelmenapace.it\/de\/wp-json\/wp\/v2\/types\/page"}],"author":[{"embeddable":true,"href":"https:\/\/hotelmenapace.it\/de\/wp-json\/wp\/v2\/users\/1"}],"replies":[{"embeddable":true,"href":"https:\/\/hotelmenapace.it\/de\/wp-json\/wp\/v2\/comments?post=71"}],"version-history":[{"count":4,"href":"https:\/\/hotelmenapace.it\/de\/wp-json\/wp\/v2\/pages\/71\/revisions"}],"predecessor-version":[{"id":214,"href":"https:\/\/hotelmenapace.it\/de\/wp-json\/wp\/v2\/pages\/71\/revisions\/214"}],"wp:attachment":[{"href":"https:\/\/hotelmenapace.it\/de\/wp-json\/wp\/v2\/media?parent=71"}],"curies":[{"name":"wp","href":"https:\/\/api.w.org\/{rel}","templated":true}]}}