{"id":53,"date":"2015-01-28T18:13:33","date_gmt":"2015-01-28T18:13:33","guid":{"rendered":"http:\/\/hotelmenapace.it\/?page_id=53"},"modified":"2019-02-20T17:09:27","modified_gmt":"2019-02-20T17:09:27","slug":"hotel-gardasee","status":"publish","type":"page","link":"https:\/\/hotelmenapace.it\/de\/hotel-gardasee\/","title":{"rendered":"Hotel Menapace"},"content":{"rendered":"<p>[vc_row css=&#8220;.vc_custom_1550678558337{margin-top: 5% !important;padding-right: 5% !important;padding-left: 5% !important;}&#8220;][vc_column width=&#8220;2\/3&#8243;][vc_row_inner css=&#8220;.vc_custom_1462865522107{margin-bottom: 50px !important;background-image: url(https:\/\/hotelmenapace.it\/wp-content\/uploads\/hotel-pensione-menapace-pai-lago-di-garda.jpg?id=892) !important;background-position: center !important;background-repeat: no-repeat !important;background-size: cover !important;}&#8220;][vc_column_inner width=&#8220;1\/2&#8243; css=&#8220;.vc_custom_1462865594555{background-color: rgba(0,0,0,0.2) !important;*background-color: rgb(0,0,0) !important;}&#8220;][vc_raw_html]JTNDcCUyMHN0eWxlJTNEJTIyZm9udC1zaXplJTNBJTIwMS4yZW0lM0IlMjBjb2xvciUzQSUyMCUyM2VlZWVlZSUzQiUyMiUzRUltJTIwSGVyemVuJTIwZGVyJTIwUml2aWVyYSUyMGRlciUyME9saXZlbmhhaW5lJTIwbGllZ3QlMjBkYXMlMjBIb3RlbCUyME1lbmFwYWNlJTIwbnVyJTIwd2VuaWdlJTIwU2Nocml0dGUlMjB2b24lMjBkZXIlMjBtYWxlcmlzY2hlbiUyQyUyMHJ1aGlnZW4lMjBPcnRzY2hhZnQlMjBQYWklMjBkaSUyMHNvcHJhJTJDJTIwT3J0c3RlaWwlMjBUb3JyaSUyMGRlbCUyMEJlbmFjbyUyQyUyMGVudGZlcm50JTIwaW4lMjBlaW5lciUyMGJlbmVpZGVuc3dlcnRlbiUyMExhZ2UlMjBhbSUyMFVmZXIlMjBkZXMlMjBHYXJkYXNlZXMlMkMlMjBJdGFsaWVuLiUzQyUyRnAlM0U=[\/vc_raw_html][\/vc_column_inner][vc_column_inner width=&#8220;1\/2&#8243;][\/vc_column_inner][\/vc_row_inner][vc_row_inner css=&#8220;.vc_custom_1462866029175{background-image: url(https:\/\/hotelmenapace.it\/wp-content\/uploads\/famiglia-menapace-monese-16.png?id=893) !important;background-position: center !important;background-repeat: no-repeat !important;background-size: cover !important;}&#8220;][vc_column_inner width=&#8220;1\/2&#8243;][\/vc_column_inner][vc_column_inner width=&#8220;1\/2&#8243; css=&#8220;.vc_custom_1550682563996{background-color: rgba(0,0,0,0.55) !important;*background-color: rgb(0,0,0) !important;}&#8220;][vc_raw_html]JTNDcCUyMHN0eWxlJTNEJTIyZm9udC1zaXplJTNBMS4yZW0lM0IlMjBjb2xvciUzQSUyM2VlZWVlZSUzQiUyMiUzRUZhbWlsaSVDMyVBNHJlcyUyMGhvdGVsJTIwc2VpZCUyMGltbWVyJTIwdm9uJTIwRmFtaWxpZSUyME1lbmFwYWNlJTIwZ2VmJUMzJUJDaHJ0JTJDaGV1dGUlMjBGYW1pbGllJTIwTWVuYXBhY2UtTW9uZXNlLiUzQ2JyJTNFJTBBJTBBQW4lMjBkZXIlMjAzLiUyMEdlbmVyYXRpb24lMjBpbW1lciUyMG5vY2glMjBzbyUyMGxlaWRlbnNjaGFmdGxpY2glMjB3aWUlMjBhbSUyMEFuZmFuZyUyQyUyMHdlaXRlcmhpbiUyMG1pdCUyMHZpZWwlMjBtZWhyJTIwRXJmYWhydW5nLiUzQ2JyJTNFJTBBJTBBQmlldGV0JTIwZWluZW4lMjBhdWZtZXJrc2FtZW4lMjBQZW5zaW9uc3NlcnZpY2UlMjB1bmQlMjB0eXBpc2NoZSUyMGxva2FsZSUyMEslQzMlQkNjaGUlMjBhbi4lM0MlMkZwJTNF[\/vc_raw_html][\/vc_column_inner][\/vc_row_inner][\/vc_column][vc_column width=&#8220;1\/3&#8243; css=&#8220;.vc_custom_1550680961883{margin-top: 15% !important;}&#8220;][vc_raw_html]JTNDZGl2JTIwc3R5bGUlM0QlMjJ0ZXh0LWFsaWduJTNBY2VudGVyJTNCJTIyJTNFJTBBJTNDc3BhbiUyMHN0eWxlJTNEJTIyZm9udC1zaXplJTNBMS4zZW0lMjIlM0UlM0NzdHJvbmclM0VESVJFS1QlMjBBTSUyMFNFRSUzQyUyRnN0cm9uZyUzRSUzQyUyRnNwYW4lM0UlMEElMEElM0NwJTNFTnVyJTIwZWluJTIwcGFhciUyMFNjaHJpdHRlJTIwenVtJTIwU3RyYW5kJTNDYnIlM0UlMEFMaWVnZW4lMjB1bmQlMjBTb25uZW5zY2hpcm1lJTIwaW5iZWdyaWZmZW4lM0NiciUzRSUwQUJvb3RzYW5sZWdlc3RlbGxlJTBBQm9qZW4lMjBmJUMzJUJDciUyME1vdG9yYm9vdGUlMjB1bmQlMjBTZWdlbGJvb3RlJTNDJTJGcCUzRSUwQSUwQSUzQ3NwYW4lMjBzdHlsZSUzRCUyMmZvbnQtc2l6ZSUzQTEuM2VtJTIyJTNFJTNDc3Ryb25nJTNFWklNTUVSJTIwWlVNJTIwU0VFJTNDJTJGc3Ryb25nJTNFJTNDJTJGc3BhbiUzRSUwQSUwQSUzQ3AlM0VEaWUlMjBmcmlzY2hlJTIwU2VlYnJpZXNlJTIwZGlyZWt0JTIwdm9tJTIwRmVuc3RlciUzQ2JyJTNFJTBBRWluZSUyMGJlZWluZHJ1Y2tlbmRlJTIwQXVzc2ljaHQlM0MlMkZwJTNFJTBBJTBBJTNDc3BhbiUyMHN0eWxlJTNEJTIyZm9udC1zaXplJTNBMS4zZW0lMjIlM0UlM0NzdHJvbmclM0VQRU5TSU9OU0VSVklDRSUzQyUyRnN0cm9uZyUzRSUzQyUyRnNwYW4lM0UlMEElMEElM0NwJTNFJUMzJTlDYmVybmFjaHR1bmclMjBtaXQlMjBGciVDMyVCQ2hzdCVDMyVCQ2NrJTNDYnIlM0VIYWxicGVuc2lvbiUzQ2JyJTNFVm9sbHBlbnNpb24lM0NiciUzRSUwQU1lbnVhdXN3YWhsJTNDJTJGcCUzRSUwQSUwQSUzQ3NwYW4lMjBzdHlsZSUzRCUyMmZvbnQtc2l6ZSUzQTEuM2VtJTIyJTNFJTNDc3Ryb25nJTNFV0VMTE5FU1MlM0MlMkZzdHJvbmclM0UlM0MlMkZzcGFuJTNFJTBBJTBBJTNDcCUzRUF1c2dlciVDMyVCQ3N0ZXRlciUyMHdlbGxuZXNzJTIwQmVyZWljaCUyMG1pdCUyMFNhdW5hJTIwdW5kJTIwV2hpcmxwb29sJTNDYnIlM0UlM0MlMkZwJTNFJTBBJTBBJTNDc3BhbiUyMHN0eWxlJTNEJTIyZm9udC1zaXplJTNBMS4zZW0lMjIlM0UlM0NzdHJvbmclM0VGRVJJRU5XT0hOVU5HRU4lM0MlMkZzdHJvbmclM0UlM0MlMkZzcGFuJTNFJTBBJTBBJTNDcCUzRUZlcmllbmFwYXJ0ZW1lbnRzJTIwU2VlYmxpY2slM0NiciUzRSUwQUF1Y2glMjBtaXQlMjBQZW5zaW9uJTIwU2VydmljZSUzQyUyRnAlM0UlMEElMEElM0NzcGFuJTIwc3R5bGUlM0QlMjJmb250LXNpemUlM0ExLjNlbSUyMiUzRSUzQ3N0cm9uZyUzRUVSRkFIUlVORyUzQyUyRnN0cm9uZyUzRSUzQyUyRnNwYW4lM0UlMEElMEElM0NwJTNFVm9uJTIwRmFtaWxpZSUyME1lbmFwYWNlJTIwc2VpdCUyMG1laHIlMjBhbHMlMjA0MCUyMEphaHJlbiUyMGdlZiVDMyVCQ2hydCUzQ2JyJTNFU2llJTIwd2VyZGVuJTIwc2ljaCUyMHdvaGxmJUMzJUJDaGxlbiUyMSUwQSUzQyUyRnAlM0UlMEElM0MlMkZkaXYlM0U=[\/vc_raw_html][\/vc_column][\/vc_row][vc_row content_placement=&#8220;middle&#8220; parallax=&#8220;content-moving&#8220; parallax_image=&#8220;140&#8243; css=&#8220;.vc_custom_1550661061476{margin-top: 50px !important;margin-right: -10px !important;margin-left: -10px !important;padding-top: 5% !important;padding-right: 5% !important;padding-bottom: 5% !important;padding-left: 5% !important;}&#8220;][vc_column][vc_row_inner css=&#8220;.vc_custom_1462870476963{margin-bottom: 50px !important;padding-bottom: 50px !important;background-color: rgba(226,226,226,0.77) !important;*background-color: rgb(226,226,226) !important;}&#8220;][vc_column_inner width=&#8220;1\/2&#8243;][vc_column_text css=&#8220;.vc_custom_1462873760245{padding-right: 20px !important;padding-left: 20px !important;}&#8220;]<\/p>\n<h3 style=\"text-align: center;\">RELAX<\/h3>\n<p><img decoding=\"async\" class=\"lazyload img-thumbnail wp-image-91\" src=\"data:image\/svg+xml,%3Csvg%20xmlns%3D%27http%3A%2F%2Fwww.w3.org%2F2000%2Fsvg%27%20width%3D%27960%27%20height%3D%27250%27%20viewBox%3D%270%200%20960%20250%27%3E%3Crect%20width%3D%27960%27%20height%3D%27250%27%20fill-opacity%3D%220%22%2F%3E%3C%2Fsvg%3E\" data-orig-src=\"https:\/\/hotelmenapace.it\/wp-content\/uploads\/hotel-menapace-pai-vr-spiaggia.jpg\" alt=\"hotel-menapace-pai-vr-spiaggia\" width=\"960\" height=\"250\"><\/p>\n<p>Zur Entspannung finden Sie einen Lesesaal, eine Bar mit Veranda zum geselligen Beisammensein und eine Solarium-Aussichtsterrasse.<\/p>\n<p>Das Hotel stellt seinen Hausg\u00e4sten kostenlos Sonnenschirm und Liegen f\u00fcr den Strand, Bojen f\u00fcr die Motorboote und einen Anlegesteg zur Verf\u00fcgung.[\/vc_column_text][\/vc_column_inner][vc_column_inner width=&#8220;1\/2&#8243;][vc_column_text css=&#8220;.vc_custom_1462873822850{padding-right: 20px !important;padding-left: 20px !important;}&#8220;]<\/p>\n<h3 style=\"text-align: center;\">ACTION<\/h3>\n<p><img decoding=\"async\" class=\"lazyload img-thumbnail wp-image-85\" src=\"https:\/\/hotelmenapace.it\/wp-content\/uploads\/menapace-torri-wellness.jpg\" data-orig-src=\"https:\/\/hotelmenapace.it\/wp-content\/uploads\/menapace-torri-wellness.jpg\" alt=\"menapace-torri-wellness\" width=\"960\" height=\"250\" srcset=\"data:image\/svg+xml,%3Csvg%20xmlns%3D%27http%3A%2F%2Fwww.w3.org%2F2000%2Fsvg%27%20width%3D%27960%27%20height%3D%27250%27%20viewBox%3D%270%200%20960%20250%27%3E%3Crect%20width%3D%27960%27%20height%3D%27250%27%20fill-opacity%3D%220%22%2F%3E%3C%2Fsvg%3E\" data-srcset=\"https:\/\/hotelmenapace.it\/wp-content\/uploads\/menapace-torri-wellness-300x78.jpg 300w, https:\/\/hotelmenapace.it\/wp-content\/uploads\/menapace-torri-wellness-768x200.jpg 768w, https:\/\/hotelmenapace.it\/wp-content\/uploads\/menapace-torri-wellness.jpg 960w\" data-sizes=\"auto\" data-orig-sizes=\"(max-width: 960px) 100vw, 960px\" \/><\/p>\n<p>Wer Aktivurlaub bevorzugt, kann die Fahrr\u00e4der, Windsurfbretter und andere Sportausr\u00fcstungen nutzen, die das Hotel in der Garage aufbewahrt.<\/p>\n<p>Denn der Gardasee eignet sich bestens f\u00fcr viele Sportarten: Segeln, Windsurfen, Fischen, Wasserski, Mountainbike, Paragleiten, Free Climbing \u2026 und viele andere.[\/vc_column_text][\/vc_column_inner][\/vc_row_inner][\/vc_column][\/vc_row][vc_row el_class=&#8220;hm-monitor&#8220;][vc_column width=&#8220;1\/2&#8243;][vc_cta h2=&#8220;HOTEL&#8220; txt_align=&#8220;center&#8220; shape=&#8220;round&#8220; add_button=&#8220;bottom&#8220; btn_title=&#8220;Zum Hotel&#8220; btn_color=&#8220;juicy-pink&#8220; btn_align=&#8220;center&#8220; btn_i_icon_fontawesome=&#8220;fa fa-key&#8220; btn_button_block=&#8220;true&#8220; btn_add_icon=&#8220;true&#8220; btn_link=&#8220;url:http%3A%2F%2Fhotelmenapace.it%2Fde%2Fgardasee-pension%2F|title:Infos%20%C3%BCber%20Gardasee%20Pension|&#8220;]<img decoding=\"async\" class=\"lazyload img-circle wp-image-741 size-medium\" src=\"data:image\/svg+xml,%3Csvg%20xmlns%3D%27http%3A%2F%2Fwww.w3.org%2F2000%2Fsvg%27%20width%3D%27300%27%20height%3D%27225%27%20viewBox%3D%270%200%20300%20225%27%3E%3Crect%20width%3D%27300%27%20height%3D%27225%27%20fill-opacity%3D%220%22%2F%3E%3C%2Fsvg%3E\" data-orig-src=\"https:\/\/hotelmenapace.it\/wp-content\/uploads\/hotel-menapace-gardasee-pai-2-300x225.jpg\" alt=\"hotel-menapace-gardasee-pai-2\" width=\"300\" height=\"225\"><\/p>\n<p>Info<br \/>\nHotel | Zimmer | Pension<br \/>\nDienstleistungen | Preise[\/vc_cta][\/vc_column][vc_column width=&#8220;1\/2&#8243;][vc_cta h2=&#8220;RISTORANTE&#8220; txt_align=&#8220;center&#8220; shape=&#8220;round&#8220; add_button=&#8220;bottom&#8220; btn_title=&#8220;Zum Restaurant&#8220; btn_color=&#8220;juicy-pink&#8220; btn_align=&#8220;center&#8220; btn_i_icon_fontawesome=&#8220;fa fa-cutlery&#8220; btn_button_block=&#8220;true&#8220; btn_add_icon=&#8220;true&#8220; btn_link=&#8220;url:http%3A%2F%2Fhotelmenapace.it%2Fde%2Frestaurant-gardasee%2F|title:Infos%20%C3%BCber%20Restaurant%20Gardasee%20|&#8220;]<img decoding=\"async\" class=\"lazyload img-circle wp-image-743 size-medium aligncenter\" src=\"data:image\/svg+xml,%3Csvg%20xmlns%3D%27http%3A%2F%2Fwww.w3.org%2F2000%2Fsvg%27%20width%3D%27300%27%20height%3D%27225%27%20viewBox%3D%270%200%20300%20225%27%3E%3Crect%20width%3D%27300%27%20height%3D%27225%27%20fill-opacity%3D%220%22%2F%3E%3C%2Fsvg%3E\" data-orig-src=\"https:\/\/hotelmenapace.it\/wp-content\/uploads\/ristorante-lago-di-garda-menapace-0001-300x300.jpg\" alt=\"\" width=\"300\" height=\"225\"><\/p>\n<p>Info<br \/>\nRestaurant<br \/>\nKarte | Weine | Events[\/vc_cta][\/vc_column][\/vc_row][vc_row el_class=&#8220;hm-mobile&#8220; css=&#8220;.vc_custom_1550681347554{margin-top: 15% !important;}&#8220;][vc_column width=&#8220;1\/2&#8243;][vc_cta h2=&#8220;HOTEL&#8220; txt_align=&#8220;center&#8220; shape=&#8220;round&#8220; add_button=&#8220;bottom&#8220; btn_title=&#8220;Zum Hotel&#8220; btn_color=&#8220;juicy-pink&#8220; btn_align=&#8220;center&#8220; btn_i_icon_fontawesome=&#8220;fa fa-key&#8220; btn_button_block=&#8220;true&#8220; btn_add_icon=&#8220;true&#8220; btn_link=&#8220;url:http%3A%2F%2Fhotelmenapace.it%2Fde%2Fgardasee-pension%2F|title:Infos%20%C3%BCber%20Gardasee%20Pension|&#8220;]<img decoding=\"async\" class=\"lazyload img-responsive img-thumbnail\" src=\"data:image\/svg+xml,%3Csvg%20xmlns%3D%27http%3A%2F%2Fwww.w3.org%2F2000%2Fsvg%27%20width%3D%271024%27%20height%3D%27768%27%20viewBox%3D%270%200%201024%20768%27%3E%3Crect%20width%3D%271024%27%20height%3D%27768%27%20fill-opacity%3D%220%22%2F%3E%3C%2Fsvg%3E\" data-orig-src=\"https:\/\/hotelmenapace.it\/wp-content\/uploads\/hotel-menapace-gardasee-pai-2.jpg\" alt=\"hotel-menapace-gardasee-pai-2\"><\/p>\n<p>Info<br \/>\nHotel | Zimmer | Pension<br \/>\nDienstleistungen | Preise[\/vc_cta][\/vc_column][vc_column width=&#8220;1\/2&#8243;][vc_cta h2=&#8220;RISTORANTE&#8220; txt_align=&#8220;center&#8220; shape=&#8220;round&#8220; add_button=&#8220;bottom&#8220; btn_title=&#8220;Zum Restaurant&#8220; btn_color=&#8220;juicy-pink&#8220; btn_align=&#8220;center&#8220; btn_i_icon_fontawesome=&#8220;fa fa-cutlery&#8220; btn_button_block=&#8220;true&#8220; btn_add_icon=&#8220;true&#8220; btn_link=&#8220;url:http%3A%2F%2Fhotelmenapace.it%2Fde%2Frestaurant-gardasee%2F|title:Infos%20%C3%BCber%20Restaurant%20Gardasee%20|&#8220;]<img decoding=\"async\" class=\"lazyload img-responsive img-thumbnail\" src=\"data:image\/svg+xml,%3Csvg%20xmlns%3D%27http%3A%2F%2Fwww.w3.org%2F2000%2Fsvg%27%20width%3D%271024%27%20height%3D%27683%27%20viewBox%3D%270%200%201024%20683%27%3E%3Crect%20width%3D%271024%27%20height%3D%27683%27%20fill-opacity%3D%220%22%2F%3E%3C%2Fsvg%3E\" data-orig-src=\"https:\/\/hotelmenapace.it\/wp-content\/uploads\/restaurant-gardasee-direkt-am-see-mit-steg-und-boje-0009.jpg\" alt=\"Restaurant am Gardasee mit Steg und Boje\"><\/p>\n<p>Info<br \/>\nRestaurant<br \/>\nKarte | Weine | Events[\/vc_cta][\/vc_column][\/vc_row]<\/p>\n","protected":false},"excerpt":{"rendered":"<p>[vc_row css=&#8220;.vc_custom_1550678558337{margin-top: 5% !important;padding-right: 5% !important;padding-left: 5% !important;}&#8220;][vc_column width=&#8220;2\/3&#8243;][vc_row_inner css=&#8220;.vc_custom_1462865522107{margin-bottom: 50px !important;background-image: url(https:\/\/hotelmenapace.it\/wp-content\/uploads\/hotel-pensione-menapace-pai-lago-di-garda.jpg?id=892) !important;background-position: center !important;background-repeat: no-repeat !important;background-size: cover !important;}&#8220;][vc_column_inner width=&#8220;1\/2&#8243; css=&#8220;.vc_custom_1462865594555{background-color: rgba(0,0,0,0.2) !important;*background-color: rgb(0,0,0) <a href=\"https:\/\/hotelmenapace.it\/de\/hotel-gardasee\/\"> [&#8230;]<\/a><\/p>\n","protected":false},"author":1,"featured_media":0,"parent":0,"menu_order":0,"comment_status":"closed","ping_status":"closed","template":"","meta":{"ngg_post_thumbnail":0,"footnotes":""},"class_list":["post-53","page","type-page","status-publish","hentry"],"yoast_head":"<!-- This site is optimized with the Yoast SEO plugin v27.3 - https:\/\/yoast.com\/product\/yoast-seo-wordpress\/ -->\n<title>Hotel Menapace - Hotel Menapace<\/title>\n<meta name=\"robots\" content=\"index, follow, max-snippet:-1, max-image-preview:large, max-video-preview:-1\" \/>\n<link rel=\"canonical\" href=\"https:\/\/hotelmenapace.it\/de\/hotel-gardasee\/\" \/>\n<meta property=\"og:locale\" content=\"de_DE\" \/>\n<meta property=\"og:type\" content=\"article\" \/>\n<meta property=\"og:title\" content=\"Hotel Menapace - Hotel Menapace\" \/>\n<meta property=\"og:description\" content=\"[vc_row css=&#8220;.vc_custom_1550678558337{margin-top: 5% !important;padding-right: 5% !important;padding-left: 5% !important;}&#8220;][vc_column width=&#8220;2\/3&#8243;][vc_row_inner css=&#8220;.vc_custom_1462865522107{margin-bottom: 50px !important;background-image: url(https:\/\/hotelmenapace.it\/wp-content\/uploads\/hotel-pensione-menapace-pai-lago-di-garda.jpg?id=892) !important;background-position: center !important;background-repeat: no-repeat !important;background-size: cover !important;}&#8220;][vc_column_inner width=&#8220;1\/2&#8243; css=&#8220;.vc_custom_1462865594555{background-color: rgba(0,0,0,0.2) !important;*background-color: rgb(0,0,0) [...]\" \/>\n<meta property=\"og:url\" content=\"https:\/\/hotelmenapace.it\/de\/hotel-gardasee\/\" \/>\n<meta property=\"og:site_name\" content=\"Hotel Menapace\" \/>\n<meta property=\"article:modified_time\" content=\"2019-02-20T17:09:27+00:00\" \/>\n<meta property=\"og:image\" content=\"https:\/\/hotelmenapace.it\/wp-content\/uploads\/hotel-menapace-pai-vr-spiaggia.jpg\" \/>\n<meta name=\"twitter:card\" content=\"summary_large_image\" \/>\n<meta name=\"twitter:label1\" content=\"Gesch\u00e4tzte Lesezeit\" \/>\n\t<meta name=\"twitter:data1\" content=\"4\u00a0Minuten\" \/>\n<script type=\"application\/ld+json\" class=\"yoast-schema-graph\">{\"@context\":\"https:\\\/\\\/schema.org\",\"@graph\":[{\"@type\":\"WebPage\",\"@id\":\"https:\\\/\\\/hotelmenapace.it\\\/de\\\/hotel-gardasee\\\/\",\"url\":\"https:\\\/\\\/hotelmenapace.it\\\/de\\\/hotel-gardasee\\\/\",\"name\":\"Hotel Menapace - Hotel Menapace\",\"isPartOf\":{\"@id\":\"\\\/#website\"},\"primaryImageOfPage\":{\"@id\":\"https:\\\/\\\/hotelmenapace.it\\\/de\\\/hotel-gardasee\\\/#primaryimage\"},\"image\":{\"@id\":\"https:\\\/\\\/hotelmenapace.it\\\/de\\\/hotel-gardasee\\\/#primaryimage\"},\"thumbnailUrl\":\"https:\\\/\\\/hotelmenapace.it\\\/wp-content\\\/uploads\\\/hotel-menapace-pai-vr-spiaggia.jpg\",\"datePublished\":\"2015-01-28T18:13:33+00:00\",\"dateModified\":\"2019-02-20T17:09:27+00:00\",\"inLanguage\":\"de\",\"potentialAction\":[{\"@type\":\"ReadAction\",\"target\":[\"https:\\\/\\\/hotelmenapace.it\\\/de\\\/hotel-gardasee\\\/\"]}]},{\"@type\":\"ImageObject\",\"inLanguage\":\"de\",\"@id\":\"https:\\\/\\\/hotelmenapace.it\\\/de\\\/hotel-gardasee\\\/#primaryimage\",\"url\":\"https:\\\/\\\/hotelmenapace.it\\\/wp-content\\\/uploads\\\/hotel-menapace-pai-vr-spiaggia.jpg\",\"contentUrl\":\"https:\\\/\\\/hotelmenapace.it\\\/wp-content\\\/uploads\\\/hotel-menapace-pai-vr-spiaggia.jpg\"},{\"@type\":\"WebSite\",\"@id\":\"\\\/#website\",\"url\":\"\\\/\",\"name\":\"Hotel Menapace\",\"description\":\"Pai - Torri del Benaco - Lago di Garda\",\"potentialAction\":[{\"@type\":\"SearchAction\",\"target\":{\"@type\":\"EntryPoint\",\"urlTemplate\":\"\\\/?s={search_term_string}\"},\"query-input\":{\"@type\":\"PropertyValueSpecification\",\"valueRequired\":true,\"valueName\":\"search_term_string\"}}],\"inLanguage\":\"de\"}]}<\/script>\n<!-- \/ Yoast SEO plugin. -->","yoast_head_json":{"title":"Hotel Menapace - Hotel Menapace","robots":{"index":"index","follow":"follow","max-snippet":"max-snippet:-1","max-image-preview":"max-image-preview:large","max-video-preview":"max-video-preview:-1"},"canonical":"https:\/\/hotelmenapace.it\/de\/hotel-gardasee\/","og_locale":"de_DE","og_type":"article","og_title":"Hotel Menapace - Hotel Menapace","og_description":"[vc_row css=&#8220;.vc_custom_1550678558337{margin-top: 5% !important;padding-right: 5% !important;padding-left: 5% !important;}&#8220;][vc_column width=&#8220;2\/3&#8243;][vc_row_inner css=&#8220;.vc_custom_1462865522107{margin-bottom: 50px !important;background-image: url(https:\/\/hotelmenapace.it\/wp-content\/uploads\/hotel-pensione-menapace-pai-lago-di-garda.jpg?id=892) !important;background-position: center !important;background-repeat: no-repeat !important;background-size: cover !important;}&#8220;][vc_column_inner width=&#8220;1\/2&#8243; css=&#8220;.vc_custom_1462865594555{background-color: rgba(0,0,0,0.2) !important;*background-color: rgb(0,0,0) [...]","og_url":"https:\/\/hotelmenapace.it\/de\/hotel-gardasee\/","og_site_name":"Hotel Menapace","article_modified_time":"2019-02-20T17:09:27+00:00","og_image":[{"url":"https:\/\/hotelmenapace.it\/wp-content\/uploads\/hotel-menapace-pai-vr-spiaggia.jpg","type":"","width":"","height":""}],"twitter_card":"summary_large_image","twitter_misc":{"Gesch\u00e4tzte Lesezeit":"4\u00a0Minuten"},"schema":{"@context":"https:\/\/schema.org","@graph":[{"@type":"WebPage","@id":"https:\/\/hotelmenapace.it\/de\/hotel-gardasee\/","url":"https:\/\/hotelmenapace.it\/de\/hotel-gardasee\/","name":"Hotel Menapace - Hotel Menapace","isPartOf":{"@id":"\/#website"},"primaryImageOfPage":{"@id":"https:\/\/hotelmenapace.it\/de\/hotel-gardasee\/#primaryimage"},"image":{"@id":"https:\/\/hotelmenapace.it\/de\/hotel-gardasee\/#primaryimage"},"thumbnailUrl":"https:\/\/hotelmenapace.it\/wp-content\/uploads\/hotel-menapace-pai-vr-spiaggia.jpg","datePublished":"2015-01-28T18:13:33+00:00","dateModified":"2019-02-20T17:09:27+00:00","inLanguage":"de","potentialAction":[{"@type":"ReadAction","target":["https:\/\/hotelmenapace.it\/de\/hotel-gardasee\/"]}]},{"@type":"ImageObject","inLanguage":"de","@id":"https:\/\/hotelmenapace.it\/de\/hotel-gardasee\/#primaryimage","url":"https:\/\/hotelmenapace.it\/wp-content\/uploads\/hotel-menapace-pai-vr-spiaggia.jpg","contentUrl":"https:\/\/hotelmenapace.it\/wp-content\/uploads\/hotel-menapace-pai-vr-spiaggia.jpg"},{"@type":"WebSite","@id":"\/#website","url":"\/","name":"Hotel Menapace","description":"Pai - Torri del Benaco - Lago di Garda","potentialAction":[{"@type":"SearchAction","target":{"@type":"EntryPoint","urlTemplate":"\/?s={search_term_string}"},"query-input":{"@type":"PropertyValueSpecification","valueRequired":true,"valueName":"search_term_string"}}],"inLanguage":"de"}]}},"_links":{"self":[{"href":"https:\/\/hotelmenapace.it\/de\/wp-json\/wp\/v2\/pages\/53","targetHints":{"allow":["GET"]}}],"collection":[{"href":"https:\/\/hotelmenapace.it\/de\/wp-json\/wp\/v2\/pages"}],"about":[{"href":"https:\/\/hotelmenapace.it\/de\/wp-json\/wp\/v2\/types\/page"}],"author":[{"embeddable":true,"href":"https:\/\/hotelmenapace.it\/de\/wp-json\/wp\/v2\/users\/1"}],"replies":[{"embeddable":true,"href":"https:\/\/hotelmenapace.it\/de\/wp-json\/wp\/v2\/comments?post=53"}],"version-history":[{"count":14,"href":"https:\/\/hotelmenapace.it\/de\/wp-json\/wp\/v2\/pages\/53\/revisions"}],"predecessor-version":[{"id":2813,"href":"https:\/\/hotelmenapace.it\/de\/wp-json\/wp\/v2\/pages\/53\/revisions\/2813"}],"wp:attachment":[{"href":"https:\/\/hotelmenapace.it\/de\/wp-json\/wp\/v2\/media?parent=53"}],"curies":[{"name":"wp","href":"https:\/\/api.w.org\/{rel}","templated":true}]}}