{"id":2080,"date":"2017-06-01T11:03:08","date_gmt":"2017-06-01T11:03:08","guid":{"rendered":"http:\/\/hotelmenapace.it\/?page_id=2080\/"},"modified":"2023-07-14T21:38:44","modified_gmt":"2023-07-14T21:38:44","slug":"massage-service","status":"publish","type":"page","link":"https:\/\/hotelmenapace.it\/de\/gardasee-pension\/massage-service\/","title":{"rendered":"Massage Service"},"content":{"rendered":"<div class=\"fusion-fullwidth fullwidth-box fusion-builder-row-1 fusion-flex-container nonhundred-percent-fullwidth non-hundred-percent-height-scrolling\" style=\"--awb-border-radius-top-left:0px;--awb-border-radius-top-right:0px;--awb-border-radius-bottom-right:0px;--awb-border-radius-bottom-left:0px;--awb-flex-wrap:wrap;\" ><div class=\"fusion-builder-row fusion-row fusion-flex-align-items-flex-start fusion-flex-justify-content-center fusion-flex-content-wrap\" style=\"max-width:1216.8px;margin-left: calc(-4% \/ 2 );margin-right: calc(-4% \/ 2 );\"><div class=\"fusion-layout-column fusion_builder_column fusion-builder-column-0 fusion_builder_column_3_4 3_4 fusion-flex-column\" style=\"--awb-bg-blend:overlay;--awb-bg-size:cover;--awb-width-large:75%;--awb-margin-top-large:0px;--awb-spacing-right-large:2.56%;--awb-margin-bottom-large:0px;--awb-spacing-left-large:2.56%;--awb-width-medium:100%;--awb-spacing-right-medium:1.92%;--awb-spacing-left-medium:1.92%;--awb-width-small:100%;--awb-spacing-right-small:1.92%;--awb-spacing-left-small:1.92%;\"><div class=\"fusion-column-wrapper fusion-flex-justify-content-flex-start fusion-content-layout-column\"><div class=\"fusion-text fusion-text-1 big-text\" style=\"--awb-content-alignment:center;--awb-text-color:var(--awb-custom_color_1);\"><p>Auf Anfrage k\u00f6nnen wir einen Massageservice direkt im Hotel organisieren.<\/p>\n<p>Ein erfahrener Masseur kann auf Wunsch des Kunden mit der notwendigen leichten Ausr\u00fcstung ins Hotel kommen und die f\u00fcr die Person geeignete Massageart vorschlagen.<\/p>\n<p>Es k\u00f6nnen Entspannungsmassagen, Antistress-Muskelmassagen zur Lockerung der Muskeln nach anstrengenden \u00dcbungen (Wandern, Mountainbiking usw.), Lymphdrainage-Massagen zur Entlastung von Schweregef\u00fchl und Fl\u00fcssigkeitsansammlungen in den Beinen und andere vom Masseur vorgeschlagene Massagen durchgef\u00fchrt werden.<\/p>\n<p>Die Sonnenterrasse des Hotels und der Fitnessbereich mit Sauna sind ideale Orte f\u00fcr die Massage.<\/p>\n<p>Der Service wird unseren G\u00e4sten zu einem Sonderpreis angeboten.<\/p>\n<p>Fragen Sie an der Rezeption nach dem Service.<\/p>\n<\/div><\/div><\/div><\/div><\/div>\n","protected":false},"excerpt":{"rendered":"","protected":false},"author":1,"featured_media":2075,"parent":731,"menu_order":11,"comment_status":"closed","ping_status":"closed","template":"","meta":{"ngg_post_thumbnail":0,"footnotes":""},"class_list":["post-2080","page","type-page","status-publish","has-post-thumbnail","hentry"],"yoast_head":"<!-- This site is optimized with the Yoast SEO plugin v27.5 - https:\/\/yoast.com\/product\/yoast-seo-wordpress\/ -->\n<title>Massage Service - Hotel Menapace<\/title>\n<meta name=\"robots\" content=\"index, follow, max-snippet:-1, max-image-preview:large, max-video-preview:-1\" \/>\n<link rel=\"canonical\" href=\"https:\/\/hotelmenapace.it\/hotel-pensione-lago-di-garda\/massaggio-rilassante\/\" \/>\n<meta property=\"og:locale\" content=\"de_DE\" \/>\n<meta property=\"og:type\" content=\"article\" \/>\n<meta property=\"og:title\" content=\"Massage Service - Hotel Menapace\" \/>\n<meta property=\"og:url\" content=\"https:\/\/hotelmenapace.it\/hotel-pensione-lago-di-garda\/massaggio-rilassante\/\" \/>\n<meta property=\"og:site_name\" content=\"Hotel Menapace\" \/>\n<meta property=\"article:modified_time\" content=\"2023-07-14T21:38:44+00:00\" \/>\n<meta property=\"og:image\" content=\"https:\/\/hotelmenapace.it\/wp-content\/uploads\/menapace-massaggio-solarium-2.jpg\" \/>\n\t<meta property=\"og:image:width\" content=\"629\" \/>\n\t<meta property=\"og:image:height\" content=\"270\" \/>\n\t<meta property=\"og:image:type\" content=\"image\/jpeg\" \/>\n<meta name=\"twitter:card\" content=\"summary_large_image\" \/>\n<meta name=\"twitter:label1\" content=\"Gesch\u00e4tzte Lesezeit\" \/>\n\t<meta name=\"twitter:data1\" content=\"1\u00a0Minute\" \/>\n<script type=\"application\/ld+json\" class=\"yoast-schema-graph\">{\"@context\":\"https:\\\/\\\/schema.org\",\"@graph\":[{\"@type\":\"WebPage\",\"@id\":\"https:\\\/\\\/hotelmenapace.it\\\/hotel-pensione-lago-di-garda\\\/massaggio-rilassante\\\/\",\"url\":\"https:\\\/\\\/hotelmenapace.it\\\/hotel-pensione-lago-di-garda\\\/massaggio-rilassante\\\/\",\"name\":\"Massage Service - Hotel Menapace\",\"isPartOf\":{\"@id\":\"\\\/#website\"},\"primaryImageOfPage\":{\"@id\":\"https:\\\/\\\/hotelmenapace.it\\\/hotel-pensione-lago-di-garda\\\/massaggio-rilassante\\\/#primaryimage\"},\"image\":{\"@id\":\"https:\\\/\\\/hotelmenapace.it\\\/hotel-pensione-lago-di-garda\\\/massaggio-rilassante\\\/#primaryimage\"},\"thumbnailUrl\":\"https:\\\/\\\/hotelmenapace.it\\\/wp-content\\\/uploads\\\/menapace-massaggio-solarium-2.jpg\",\"datePublished\":\"2017-06-01T11:03:08+00:00\",\"dateModified\":\"2023-07-14T21:38:44+00:00\",\"breadcrumb\":{\"@id\":\"https:\\\/\\\/hotelmenapace.it\\\/hotel-pensione-lago-di-garda\\\/massaggio-rilassante\\\/#breadcrumb\"},\"inLanguage\":\"de\",\"potentialAction\":[{\"@type\":\"ReadAction\",\"target\":[\"https:\\\/\\\/hotelmenapace.it\\\/hotel-pensione-lago-di-garda\\\/massaggio-rilassante\\\/\"]}]},{\"@type\":\"ImageObject\",\"inLanguage\":\"de\",\"@id\":\"https:\\\/\\\/hotelmenapace.it\\\/hotel-pensione-lago-di-garda\\\/massaggio-rilassante\\\/#primaryimage\",\"url\":\"https:\\\/\\\/hotelmenapace.it\\\/wp-content\\\/uploads\\\/menapace-massaggio-solarium-2.jpg\",\"contentUrl\":\"https:\\\/\\\/hotelmenapace.it\\\/wp-content\\\/uploads\\\/menapace-massaggio-solarium-2.jpg\",\"width\":629,\"height\":270},{\"@type\":\"BreadcrumbList\",\"@id\":\"https:\\\/\\\/hotelmenapace.it\\\/hotel-pensione-lago-di-garda\\\/massaggio-rilassante\\\/#breadcrumb\",\"itemListElement\":[{\"@type\":\"ListItem\",\"position\":1,\"name\":\"Gardasee Pension\",\"item\":\"https:\\\/\\\/hotelmenapace.it\\\/hotel-pensione-lago-di-garda\\\/\"},{\"@type\":\"ListItem\",\"position\":2,\"name\":\"Massage Service\"}]},{\"@type\":\"WebSite\",\"@id\":\"\\\/#website\",\"url\":\"\\\/\",\"name\":\"Hotel Menapace\",\"description\":\"Pai - Torri del Benaco - Lago di Garda\",\"potentialAction\":[{\"@type\":\"SearchAction\",\"target\":{\"@type\":\"EntryPoint\",\"urlTemplate\":\"\\\/?s={search_term_string}\"},\"query-input\":{\"@type\":\"PropertyValueSpecification\",\"valueRequired\":true,\"valueName\":\"search_term_string\"}}],\"inLanguage\":\"de\"}]}<\/script>\n<!-- \/ Yoast SEO plugin. -->","yoast_head_json":{"title":"Massage Service - Hotel Menapace","robots":{"index":"index","follow":"follow","max-snippet":"max-snippet:-1","max-image-preview":"max-image-preview:large","max-video-preview":"max-video-preview:-1"},"canonical":"https:\/\/hotelmenapace.it\/hotel-pensione-lago-di-garda\/massaggio-rilassante\/","og_locale":"de_DE","og_type":"article","og_title":"Massage Service - Hotel Menapace","og_url":"https:\/\/hotelmenapace.it\/hotel-pensione-lago-di-garda\/massaggio-rilassante\/","og_site_name":"Hotel Menapace","article_modified_time":"2023-07-14T21:38:44+00:00","og_image":[{"width":629,"height":270,"url":"https:\/\/hotelmenapace.it\/wp-content\/uploads\/menapace-massaggio-solarium-2.jpg","type":"image\/jpeg"}],"twitter_card":"summary_large_image","twitter_misc":{"Gesch\u00e4tzte Lesezeit":"1\u00a0Minute"},"schema":{"@context":"https:\/\/schema.org","@graph":[{"@type":"WebPage","@id":"https:\/\/hotelmenapace.it\/hotel-pensione-lago-di-garda\/massaggio-rilassante\/","url":"https:\/\/hotelmenapace.it\/hotel-pensione-lago-di-garda\/massaggio-rilassante\/","name":"Massage Service - Hotel Menapace","isPartOf":{"@id":"\/#website"},"primaryImageOfPage":{"@id":"https:\/\/hotelmenapace.it\/hotel-pensione-lago-di-garda\/massaggio-rilassante\/#primaryimage"},"image":{"@id":"https:\/\/hotelmenapace.it\/hotel-pensione-lago-di-garda\/massaggio-rilassante\/#primaryimage"},"thumbnailUrl":"https:\/\/hotelmenapace.it\/wp-content\/uploads\/menapace-massaggio-solarium-2.jpg","datePublished":"2017-06-01T11:03:08+00:00","dateModified":"2023-07-14T21:38:44+00:00","breadcrumb":{"@id":"https:\/\/hotelmenapace.it\/hotel-pensione-lago-di-garda\/massaggio-rilassante\/#breadcrumb"},"inLanguage":"de","potentialAction":[{"@type":"ReadAction","target":["https:\/\/hotelmenapace.it\/hotel-pensione-lago-di-garda\/massaggio-rilassante\/"]}]},{"@type":"ImageObject","inLanguage":"de","@id":"https:\/\/hotelmenapace.it\/hotel-pensione-lago-di-garda\/massaggio-rilassante\/#primaryimage","url":"https:\/\/hotelmenapace.it\/wp-content\/uploads\/menapace-massaggio-solarium-2.jpg","contentUrl":"https:\/\/hotelmenapace.it\/wp-content\/uploads\/menapace-massaggio-solarium-2.jpg","width":629,"height":270},{"@type":"BreadcrumbList","@id":"https:\/\/hotelmenapace.it\/hotel-pensione-lago-di-garda\/massaggio-rilassante\/#breadcrumb","itemListElement":[{"@type":"ListItem","position":1,"name":"Gardasee Pension","item":"https:\/\/hotelmenapace.it\/hotel-pensione-lago-di-garda\/"},{"@type":"ListItem","position":2,"name":"Massage Service"}]},{"@type":"WebSite","@id":"\/#website","url":"\/","name":"Hotel Menapace","description":"Pai - Torri del Benaco - Lago di Garda","potentialAction":[{"@type":"SearchAction","target":{"@type":"EntryPoint","urlTemplate":"\/?s={search_term_string}"},"query-input":{"@type":"PropertyValueSpecification","valueRequired":true,"valueName":"search_term_string"}}],"inLanguage":"de"}]}},"_links":{"self":[{"href":"https:\/\/hotelmenapace.it\/de\/wp-json\/wp\/v2\/pages\/2080","targetHints":{"allow":["GET"]}}],"collection":[{"href":"https:\/\/hotelmenapace.it\/de\/wp-json\/wp\/v2\/pages"}],"about":[{"href":"https:\/\/hotelmenapace.it\/de\/wp-json\/wp\/v2\/types\/page"}],"author":[{"embeddable":true,"href":"https:\/\/hotelmenapace.it\/de\/wp-json\/wp\/v2\/users\/1"}],"replies":[{"embeddable":true,"href":"https:\/\/hotelmenapace.it\/de\/wp-json\/wp\/v2\/comments?post=2080"}],"version-history":[{"count":3,"href":"https:\/\/hotelmenapace.it\/de\/wp-json\/wp\/v2\/pages\/2080\/revisions"}],"predecessor-version":[{"id":7140,"href":"https:\/\/hotelmenapace.it\/de\/wp-json\/wp\/v2\/pages\/2080\/revisions\/7140"}],"up":[{"embeddable":true,"href":"https:\/\/hotelmenapace.it\/de\/wp-json\/wp\/v2\/pages\/731"}],"wp:featuredmedia":[{"embeddable":true,"href":"https:\/\/hotelmenapace.it\/de\/wp-json\/wp\/v2\/media\/2075"}],"wp:attachment":[{"href":"https:\/\/hotelmenapace.it\/de\/wp-json\/wp\/v2\/media?parent=2080"}],"curies":[{"name":"wp","href":"https:\/\/api.w.org\/{rel}","templated":true}]}}