{"id":101,"date":"2015-01-30T16:43:51","date_gmt":"2015-01-30T16:43:51","guid":{"rendered":"http:\/\/hotelmenapace.it\/?page_id=101"},"modified":"2023-07-16T21:35:44","modified_gmt":"2023-07-16T21:35:44","slug":"so-erreichen-sie-uns","status":"publish","type":"page","link":"https:\/\/hotelmenapace.it\/de\/so-erreichen-sie-uns\/","title":{"rendered":"So erreichen Sie uns"},"content":{"rendered":"<p><div class=\"fusion-fullwidth fullwidth-box fusion-builder-row-1 fusion-flex-container nonhundred-percent-fullwidth non-hundred-percent-height-scrolling\" style=\"--awb-background-blend-mode:overlay;--awb-border-radius-top-left:0px;--awb-border-radius-top-right:0px;--awb-border-radius-bottom-right:0px;--awb-border-radius-bottom-left:0px;--awb-padding-top:50px;--awb-background-color:var(--awb-custom_color_2);--awb-flex-wrap:wrap;\" ><div class=\"fusion-builder-row fusion-row fusion-flex-align-items-flex-start fusion-flex-justify-content-center fusion-flex-content-wrap\" style=\"max-width:1216.8px;margin-left: calc(-4% \/ 2 );margin-right: calc(-4% \/ 2 );\"><div class=\"fusion-layout-column fusion_builder_column fusion-builder-column-0 fusion_builder_column_3_4 3_4 fusion-flex-column\" style=\"--awb-padding-right:10%;--awb-padding-left:10%;--awb-padding-right-small:0px;--awb-padding-left-small:0px;--awb-bg-blend:overlay;--awb-bg-size:cover;--awb-width-large:75%;--awb-margin-top-large:0px;--awb-spacing-right-large:2.56%;--awb-margin-bottom-large:0px;--awb-spacing-left-large:2.56%;--awb-width-medium:100%;--awb-spacing-right-medium:1.92%;--awb-spacing-left-medium:1.92%;--awb-width-small:100%;--awb-spacing-right-small:1.92%;--awb-spacing-left-small:1.92%;\"><div class=\"fusion-column-wrapper fusion-flex-justify-content-flex-start fusion-content-layout-column\"><div class=\"fusion-text fusion-text-1 fusion-text-no-margin\" style=\"--awb-content-alignment:center;--awb-text-color:var(--awb-custom_color_1);--awb-margin-bottom:50px;\"><p><strong>Gardasee Pension Restaurant Hotel Menapace<\/strong><br \/>\nVia Pai di Sotto, 39<br \/>\nI-37010 Pai di Torri del Benaco<br \/>\nLago di Garda (VERONA) Italy<br \/>\nLat. 45.6514649<br \/>\nLong. 10.7212180<br \/>\nTel. +39 045 7260025<br \/>\nfax +39 045 7260241<\/p>\n<p><b>Im Auto<\/b><br \/>\nVom Brennerpass oder von Verona kommend, empfehlen wir die Ausfahrt Affi Lago di Garda sud zu nehmen und den Schildern nach Garda und Torri del Benaco und Pai zu folgen.<\/p>\n<p>Wer vom Brenner kommt und das Seepanorama in seiner ganzen Breite genie\u00dfen m\u00f6chte, kann die Ausfahrt Rovereto sud Lago di Garda nord w\u00e4hlen und in Richtung Torbole, Malcesine, Brenzone und Pai weiterfahren.<\/p>\n<p><b>Mit dem Zug<\/b><br \/>\nWir empfehlen an den Bahnh\u00f6fen von Verona oder Peschiera del Garda aussteigen und dann den Linienbus des Betreibers ATV in Richtung Riva del Garda nehmen.<br \/>\nAussteigen an der Haltestelle \u201ePai\u201c.<\/p>\n<p><b>Mit dem Flugzeug<\/b><br \/>\nDie n\u00e4chstgelegenen Flugh\u00e4fen sind Catullo in Villafranca (VR) und Gabriele D&#8217;Annunzio in Montichiari (BS). Beide Flugh\u00e4fen sind durch einen Shuttlebus mit unserem Hotel verbunden, der bei der Buchung im Hotel gebucht werden muss.<br \/>\nF\u00fcr die anderen benachbarten Flugh\u00e4fen empfehlen wir die Anmietung eines Autos.<\/p>\n<\/div><\/div><\/div><\/div><\/div><div class=\"fusion-fullwidth fullwidth-box fusion-builder-row-2 fusion-flex-container has-pattern-background has-mask-background nonhundred-percent-fullwidth non-hundred-percent-height-scrolling\" style=\"--awb-border-radius-top-left:0px;--awb-border-radius-top-right:0px;--awb-border-radius-bottom-right:0px;--awb-border-radius-bottom-left:0px;--awb-padding-top:50px;--awb-background-color:var(--awb-custom_color_2);--awb-flex-wrap:wrap;\" ><div class=\"fusion-builder-row fusion-row fusion-flex-align-items-flex-start fusion-flex-content-wrap\" style=\"max-width:1216.8px;margin-left: calc(-4% \/ 2 );margin-right: calc(-4% \/ 2 );\"><div class=\"fusion-layout-column fusion_builder_column fusion-builder-column-1 fusion_builder_column_1_1 1_1 fusion-flex-column\" style=\"--awb-bg-size:cover;--awb-width-large:100%;--awb-margin-top-large:0px;--awb-spacing-right-large:1.92%;--awb-margin-bottom-large:20px;--awb-spacing-left-large:1.92%;--awb-width-medium:100%;--awb-order-medium:0;--awb-spacing-right-medium:1.92%;--awb-spacing-left-medium:1.92%;--awb-width-small:100%;--awb-order-small:0;--awb-spacing-right-small:1.92%;--awb-spacing-left-small:1.92%;\"><div class=\"fusion-column-wrapper fusion-column-has-shadow fusion-flex-justify-content-flex-start fusion-content-layout-column\"><div class=\"fusion-text fusion-text-2\"><p><iframe style=\"border: 0;\" src=\"https:\/\/www.google.com\/maps\/embed?pb=!1m18!1m12!1m3!1d2479.1300294234866!2d10.721326292520622!3d45.6516404662855!2m3!1f0!2f0!3f0!3m2!1i1024!2i768!4f13.1!3m3!1m2!1s0x4781f310f18d70ff%3A0x165cf35a82c2f172!2sHotel+Menapace!5e1!3m2!1sit!2sit!4v1463074209102\" width=\"100%\" height=\"500\" frameborder=\"0\" allowfullscreen=\"allowfullscreen\"><\/iframe><\/p>\n<\/div><\/div><\/div><\/div><\/div><\/p>\n","protected":false},"excerpt":{"rendered":"","protected":false},"author":1,"featured_media":6147,"parent":0,"menu_order":0,"comment_status":"closed","ping_status":"open","template":"","meta":{"ngg_post_thumbnail":0,"footnotes":""},"class_list":["post-101","page","type-page","status-publish","has-post-thumbnail","hentry"],"yoast_head":"<!-- This site is optimized with the Yoast SEO plugin v27.3 - https:\/\/yoast.com\/product\/yoast-seo-wordpress\/ -->\n<title>So erreichen Sie uns - Hotel Menapace<\/title>\n<meta name=\"robots\" content=\"index, follow, max-snippet:-1, max-image-preview:large, max-video-preview:-1\" \/>\n<link rel=\"canonical\" href=\"https:\/\/hotelmenapace.it\/come-trovarci\/\" \/>\n<meta property=\"og:locale\" content=\"de_DE\" \/>\n<meta property=\"og:type\" content=\"article\" \/>\n<meta property=\"og:title\" content=\"So erreichen Sie uns - Hotel Menapace\" \/>\n<meta property=\"og:url\" content=\"https:\/\/hotelmenapace.it\/come-trovarci\/\" \/>\n<meta property=\"og:site_name\" content=\"Hotel Menapace\" \/>\n<meta property=\"article:modified_time\" content=\"2023-07-16T21:35:44+00:00\" \/>\n<meta property=\"og:image\" content=\"https:\/\/hotelmenapace.it\/wp-content\/uploads\/1020.jpg\" \/>\n\t<meta property=\"og:image:width\" content=\"2200\" \/>\n\t<meta property=\"og:image:height\" content=\"880\" \/>\n\t<meta property=\"og:image:type\" content=\"image\/jpeg\" \/>\n<meta name=\"twitter:card\" content=\"summary_large_image\" \/>\n<meta name=\"twitter:label1\" content=\"Gesch\u00e4tzte Lesezeit\" \/>\n\t<meta name=\"twitter:data1\" content=\"4\u00a0Minuten\" \/>\n<script type=\"application\/ld+json\" class=\"yoast-schema-graph\">{\"@context\":\"https:\\\/\\\/schema.org\",\"@graph\":[{\"@type\":\"WebPage\",\"@id\":\"https:\\\/\\\/hotelmenapace.it\\\/come-trovarci\\\/\",\"url\":\"https:\\\/\\\/hotelmenapace.it\\\/come-trovarci\\\/\",\"name\":\"So erreichen Sie uns - Hotel Menapace\",\"isPartOf\":{\"@id\":\"\\\/#website\"},\"primaryImageOfPage\":{\"@id\":\"https:\\\/\\\/hotelmenapace.it\\\/come-trovarci\\\/#primaryimage\"},\"image\":{\"@id\":\"https:\\\/\\\/hotelmenapace.it\\\/come-trovarci\\\/#primaryimage\"},\"thumbnailUrl\":\"https:\\\/\\\/hotelmenapace.it\\\/wp-content\\\/uploads\\\/1020.jpg\",\"datePublished\":\"2015-01-30T16:43:51+00:00\",\"dateModified\":\"2023-07-16T21:35:44+00:00\",\"inLanguage\":\"de\",\"potentialAction\":[{\"@type\":\"ReadAction\",\"target\":[\"https:\\\/\\\/hotelmenapace.it\\\/come-trovarci\\\/\"]}]},{\"@type\":\"ImageObject\",\"inLanguage\":\"de\",\"@id\":\"https:\\\/\\\/hotelmenapace.it\\\/come-trovarci\\\/#primaryimage\",\"url\":\"https:\\\/\\\/hotelmenapace.it\\\/wp-content\\\/uploads\\\/1020.jpg\",\"contentUrl\":\"https:\\\/\\\/hotelmenapace.it\\\/wp-content\\\/uploads\\\/1020.jpg\",\"width\":2200,\"height\":880},{\"@type\":\"WebSite\",\"@id\":\"\\\/#website\",\"url\":\"\\\/\",\"name\":\"Hotel Menapace\",\"description\":\"Pai - Torri del Benaco - Lago di Garda\",\"potentialAction\":[{\"@type\":\"SearchAction\",\"target\":{\"@type\":\"EntryPoint\",\"urlTemplate\":\"\\\/?s={search_term_string}\"},\"query-input\":{\"@type\":\"PropertyValueSpecification\",\"valueRequired\":true,\"valueName\":\"search_term_string\"}}],\"inLanguage\":\"de\"}]}<\/script>\n<!-- \/ Yoast SEO plugin. -->","yoast_head_json":{"title":"So erreichen Sie uns - Hotel Menapace","robots":{"index":"index","follow":"follow","max-snippet":"max-snippet:-1","max-image-preview":"max-image-preview:large","max-video-preview":"max-video-preview:-1"},"canonical":"https:\/\/hotelmenapace.it\/come-trovarci\/","og_locale":"de_DE","og_type":"article","og_title":"So erreichen Sie uns - Hotel Menapace","og_url":"https:\/\/hotelmenapace.it\/come-trovarci\/","og_site_name":"Hotel Menapace","article_modified_time":"2023-07-16T21:35:44+00:00","og_image":[{"width":2200,"height":880,"url":"https:\/\/hotelmenapace.it\/wp-content\/uploads\/1020.jpg","type":"image\/jpeg"}],"twitter_card":"summary_large_image","twitter_misc":{"Gesch\u00e4tzte Lesezeit":"4\u00a0Minuten"},"schema":{"@context":"https:\/\/schema.org","@graph":[{"@type":"WebPage","@id":"https:\/\/hotelmenapace.it\/come-trovarci\/","url":"https:\/\/hotelmenapace.it\/come-trovarci\/","name":"So erreichen Sie uns - Hotel Menapace","isPartOf":{"@id":"\/#website"},"primaryImageOfPage":{"@id":"https:\/\/hotelmenapace.it\/come-trovarci\/#primaryimage"},"image":{"@id":"https:\/\/hotelmenapace.it\/come-trovarci\/#primaryimage"},"thumbnailUrl":"https:\/\/hotelmenapace.it\/wp-content\/uploads\/1020.jpg","datePublished":"2015-01-30T16:43:51+00:00","dateModified":"2023-07-16T21:35:44+00:00","inLanguage":"de","potentialAction":[{"@type":"ReadAction","target":["https:\/\/hotelmenapace.it\/come-trovarci\/"]}]},{"@type":"ImageObject","inLanguage":"de","@id":"https:\/\/hotelmenapace.it\/come-trovarci\/#primaryimage","url":"https:\/\/hotelmenapace.it\/wp-content\/uploads\/1020.jpg","contentUrl":"https:\/\/hotelmenapace.it\/wp-content\/uploads\/1020.jpg","width":2200,"height":880},{"@type":"WebSite","@id":"\/#website","url":"\/","name":"Hotel Menapace","description":"Pai - Torri del Benaco - Lago di Garda","potentialAction":[{"@type":"SearchAction","target":{"@type":"EntryPoint","urlTemplate":"\/?s={search_term_string}"},"query-input":{"@type":"PropertyValueSpecification","valueRequired":true,"valueName":"search_term_string"}}],"inLanguage":"de"}]}},"_links":{"self":[{"href":"https:\/\/hotelmenapace.it\/de\/wp-json\/wp\/v2\/pages\/101","targetHints":{"allow":["GET"]}}],"collection":[{"href":"https:\/\/hotelmenapace.it\/de\/wp-json\/wp\/v2\/pages"}],"about":[{"href":"https:\/\/hotelmenapace.it\/de\/wp-json\/wp\/v2\/types\/page"}],"author":[{"embeddable":true,"href":"https:\/\/hotelmenapace.it\/de\/wp-json\/wp\/v2\/users\/1"}],"replies":[{"embeddable":true,"href":"https:\/\/hotelmenapace.it\/de\/wp-json\/wp\/v2\/comments?post=101"}],"version-history":[{"count":7,"href":"https:\/\/hotelmenapace.it\/de\/wp-json\/wp\/v2\/pages\/101\/revisions"}],"predecessor-version":[{"id":7196,"href":"https:\/\/hotelmenapace.it\/de\/wp-json\/wp\/v2\/pages\/101\/revisions\/7196"}],"wp:featuredmedia":[{"embeddable":true,"href":"https:\/\/hotelmenapace.it\/de\/wp-json\/wp\/v2\/media\/6147"}],"wp:attachment":[{"href":"https:\/\/hotelmenapace.it\/de\/wp-json\/wp\/v2\/media?parent=101"}],"curies":[{"name":"wp","href":"https:\/\/api.w.org\/{rel}","templated":true}]}}